{"id":42,"date":"2026-01-09T10:33:03","date_gmt":"2026-01-09T09:33:03","guid":{"rendered":"https:\/\/lpctour.fr\/2025\/td\/oriane\/?page_id=42"},"modified":"2026-01-31T14:24:09","modified_gmt":"2026-01-31T13:24:09","slug":"contact","status":"publish","type":"page","link":"https:\/\/lpctour.fr\/2025\/td\/oriane\/contact\/","title":{"rendered":"Contact"},"content":{"rendered":"<h3><span style=\"color: #000080;\"><strong>Contactez &#8211; nous<\/strong><\/span><\/h3>\n<p>&nbsp;<\/p>\n<h4 style=\"text-align: center;\">Adresse : 12 rue du Voyage, 75000 Paris<br data-start=\"2011\" data-end=\"2014\" \/>\u00a0T\u00e9l\u00e9phone : 01 23 45 67 89<br data-start=\"2043\" data-end=\"2046\" \/>Email : <a class=\"decorated-link cursor-pointer\" rel=\"noopener\" data-start=\"2057\" data-end=\"2082\">contact@capdestination.fr<\/a><br data-start=\"2082\" data-end=\"2085\" \/>Horaires : Lundi au vendredi \u2013 9h00 \u00e0 18h00<\/h4>\n<h5 style=\"text-align: center;\"><span style=\"color: #000080;\">Une question, un projet de voyage ou besoin d\u2019informations compl\u00e9mentaires ?<\/span><br data-start=\"765\" data-end=\"768\" \/><span style=\"color: #000080;\">Notre \u00e9quipe est \u00e0 votre \u00e9coute pour vous accompagner dans l\u2019organisation de votre s\u00e9jour.<\/span><br data-start=\"860\" data-end=\"863\" \/><span style=\"color: #000080;\">Remplissez le formulaire ci-dessous et nous vous r\u00e9pondrons dans les plus brefs d\u00e9lais.<\/span><\/h5>\n<p><style id=\"wpforms-css-vars-191\">\n\t\t\t\t#wpforms-191 {\n\t\t\t\t--wpforms-container-padding: 0px;\n--wpforms-container-border-width: 1px;\n--wpforms-container-border-radius: 3px;\n--wpforms-background-color: rgba(0, 0, 0, 0);\n--wpforms-field-size-input-height: 43px;\n--wpforms-field-size-input-spacing: 15px;\n--wpforms-field-size-font-size: 16px;\n--wpforms-field-size-line-height: 19px;\n--wpforms-field-size-padding-h: 14px;\n--wpforms-field-size-checkbox-size: 16px;\n--wpforms-field-size-sublabel-spacing: 5px;\n--wpforms-field-size-icon-size: 1;\n--wpforms-label-size-font-size: 16px;\n--wpforms-label-size-line-height: 19px;\n--wpforms-label-size-sublabel-font-size: 14px;\n--wpforms-label-size-sublabel-line-height: 17px;\n--wpforms-button-size-font-size: 17px;\n--wpforms-button-size-height: 41px;\n--wpforms-button-size-padding-h: 15px;\n--wpforms-button-size-margin-top: 10px;\n--wpforms-container-shadow-size-box-shadow: none;\n\t\t\t}\n\t\t\t<\/style><div class=\"wpforms-container wpforms-container-full wpforms-render-modern\" id=\"wpforms-191\"><form id=\"wpforms-form-191\" class=\"wpforms-validate wpforms-form wpforms-ajax-form\" data-formid=\"191\" method=\"post\" enctype=\"multipart\/form-data\" action=\"\/2025\/td\/oriane\/wp-json\/wp\/v2\/pages\/42\" data-token=\"34425d637fbf3234b4bffed4a975923f\" data-token-time=\"1777212679\"><noscript class=\"wpforms-error-noscript\">Veuillez activer JavaScript dans votre navigateur pour remplir ce formulaire.<\/noscript><div id=\"wpforms-error-noscript\" style=\"display: none;\">Veuillez activer JavaScript dans votre navigateur pour remplir ce formulaire.<\/div><div class=\"wpforms-field-container\">\t\t<div id=\"wpforms-191-field_4-container\"\n\t\t\tclass=\"wpforms-field wpforms-field-text\"\n\t\t\tdata-field-type=\"text\"\n\t\t\tdata-field-id=\"4\"\n\t\t\t>\n\t\t\t<label class=\"wpforms-field-label\" for=\"wpforms-191-field_4\" > Nom message<\/label>\n\t\t\t<input type=\"text\" id=\"wpforms-191-field_4\" class=\"wpforms-field-medium\" name=\"wpforms[fields][4]\" >\n\t\t<\/div>\n\t\t<div id=\"wpforms-191-field_1-container\" class=\"wpforms-field wpforms-field-name\" data-field-id=\"1\"><fieldset><legend class=\"wpforms-field-label\">Nom <span class=\"wpforms-required-label\" aria-hidden=\"true\">*<\/span><\/legend><div class=\"wpforms-field-row wpforms-field-medium\"><div class=\"wpforms-field-row-block wpforms-first wpforms-one-half\"><input type=\"text\" id=\"wpforms-191-field_1\" class=\"wpforms-field-name-first wpforms-field-required\" name=\"wpforms[fields][1][first]\" aria-errormessage=\"wpforms-191-field_1-error\" required><label for=\"wpforms-191-field_1\" class=\"wpforms-field-sublabel after\">Pr\u00e9nom<\/label><\/div><div class=\"wpforms-field-row-block wpforms-one-half\"><input type=\"text\" id=\"wpforms-191-field_1-last\" class=\"wpforms-field-name-last wpforms-field-required\" name=\"wpforms[fields][1][last]\" aria-errormessage=\"wpforms-191-field_1-last-error\" required><label for=\"wpforms-191-field_1-last\" class=\"wpforms-field-sublabel after\">Nom<\/label><\/div><\/div><\/fieldset><\/div><div id=\"wpforms-191-field_2-container\" class=\"wpforms-field wpforms-field-email\" data-field-id=\"2\"><label class=\"wpforms-field-label\" for=\"wpforms-191-field_2\">E-mail <span class=\"wpforms-required-label\" aria-hidden=\"true\">*<\/span><\/label><input type=\"email\" id=\"wpforms-191-field_2\" class=\"wpforms-field-medium wpforms-field-required\" name=\"wpforms[fields][2]\" spellcheck=\"false\" aria-errormessage=\"wpforms-191-field_2-error\" required><\/div><div id=\"wpforms-191-field_3-container\" class=\"wpforms-field wpforms-field-textarea\" data-field-id=\"3\"><label class=\"wpforms-field-label\" for=\"wpforms-191-field_3\">Commentaire ou message<\/label><textarea id=\"wpforms-191-field_3\" class=\"wpforms-field-medium\" name=\"wpforms[fields][3]\" aria-errormessage=\"wpforms-191-field_3-error\" ><\/textarea><\/div><div id=\"wpforms-191-field_5-container\" class=\"wpforms-field wpforms-field-checkbox\" data-field-id=\"5\"><fieldset><legend class=\"wpforms-field-label\">Consentement  <span class=\"wpforms-required-label\" aria-hidden=\"true\">*<\/span><\/legend><ul id=\"wpforms-191-field_5\" class=\"wpforms-field-required\"><li class=\"choice-1 depth-1\"><input type=\"checkbox\" id=\"wpforms-191-field_5_1\" name=\"wpforms[fields][5][]\" value=\"J&#039;accepte que mes donn\u00e9es soient utilis\u00e9es pour me recontacter.\" aria-errormessage=\"wpforms-191-field_5_1-error\" required ><label class=\"wpforms-field-label-inline\" for=\"wpforms-191-field_5_1\">J'accepte que mes donn\u00e9es soient utilis\u00e9es pour me recontacter.<\/label><\/li><\/ul><\/fieldset><\/div><script>\n\t\t\t\t( function() {\n\t\t\t\t\tconst style = document.createElement( 'style' );\n\t\t\t\t\tstyle.appendChild( document.createTextNode( '#wpforms-191-field_4-container { position: absolute !important; overflow: hidden !important; display: inline !important; height: 1px !important; width: 1px !important; z-index: -1000 !important; padding: 0 !important; } #wpforms-191-field_4-container input { visibility: hidden; } #wpforms-conversational-form-page #wpforms-191-field_4-container label { counter-increment: none; }' ) );\n\t\t\t\t\tdocument.head.appendChild( style );\n\t\t\t\t\tdocument.currentScript?.remove();\n\t\t\t\t} )();\n\t\t\t<\/script><\/div><!-- .wpforms-field-container --><div class=\"wpforms-submit-container\" ><input type=\"hidden\" name=\"wpforms[id]\" value=\"191\"><input type=\"hidden\" name=\"page_title\" value=\"\"><input type=\"hidden\" name=\"page_url\" value=\"https:\/\/lpctour.fr\/2025\/td\/oriane\/wp-json\/wp\/v2\/pages\/42\"><input type=\"hidden\" name=\"url_referer\" value=\"\"><button type=\"submit\" name=\"wpforms[submit]\" id=\"wpforms-submit-191\" class=\"wpforms-submit\" data-alt-text=\"Envoi...\" data-submit-text=\"Envoyer\" aria-live=\"assertive\" value=\"wpforms-submit\">Envoyer<\/button><img loading=\"lazy\" decoding=\"async\" src=\"https:\/\/lpctour.fr\/2025\/td\/oriane\/wp-content\/plugins\/wpforms-lite\/assets\/images\/submit-spin.svg\" class=\"wpforms-submit-spinner\" style=\"display: none;\" width=\"26\" height=\"26\" alt=\"Chargement en cours\"><\/div><\/form><\/div>  <!-- .wpforms-container --><br \/>\n<iframe src=\"https:\/\/www.google.com\/maps\/embed?pb=!1m18!1m12!1m3!1d3513137.8135962035!2d-54.43138401249999!3d30.695940900000007!2m3!1f0!2f0!3f0!3m2!1i1024!2i768!4f13.1!3m3!1m2!1s0x47e66f264c4fab93%3A0x6524dd5958e0792f!2sVoyage!5e0!3m2!1sfr!2sfr!4v1769865479102!5m2!1sfr!2sfr\" width=\"600\" height=\"450\" style=\"border:0;\" allowfullscreen=\"\" loading=\"lazy\" referrerpolicy=\"no-referrer-when-downgrade\"><\/iframe><br \/>\n&nbsp;<\/p>\n<p>&nbsp;<\/p>\n","protected":false},"excerpt":{"rendered":"<p>Contactez &#8211; nous &nbsp; Adresse : 12 rue du Voyage, 75000 Paris\u00a0T\u00e9l\u00e9phone : 01 23 45 67 89Email : contact@capdestination.frHoraires : Lundi au vendredi \u2013 9h00 \u00e0 18h00 Une question, un projet de voyage ou besoin d\u2019informations compl\u00e9mentaires ?Notre \u00e9quipe est \u00e0 votre \u00e9coute pour vous accompagner dans l\u2019organisation de votre s\u00e9jour.Remplissez le formulaire ci-dessous &hellip; <\/p>\n<p class=\"link-more\"><a href=\"https:\/\/lpctour.fr\/2025\/td\/oriane\/contact\/\" class=\"more-link\">Continuer la lecture<span class=\"screen-reader-text\"> de &laquo;&nbsp;Contact&nbsp;&raquo;<\/span><\/a><\/p>\n","protected":false},"author":1,"featured_media":0,"parent":0,"menu_order":0,"comment_status":"closed","ping_status":"closed","template":"","meta":{"footnotes":""},"class_list":["post-42","page","type-page","status-publish","hentry"],"_links":{"self":[{"href":"https:\/\/lpctour.fr\/2025\/td\/oriane\/wp-json\/wp\/v2\/pages\/42","targetHints":{"allow":["GET"]}}],"collection":[{"href":"https:\/\/lpctour.fr\/2025\/td\/oriane\/wp-json\/wp\/v2\/pages"}],"about":[{"href":"https:\/\/lpctour.fr\/2025\/td\/oriane\/wp-json\/wp\/v2\/types\/page"}],"author":[{"embeddable":true,"href":"https:\/\/lpctour.fr\/2025\/td\/oriane\/wp-json\/wp\/v2\/users\/1"}],"replies":[{"embeddable":true,"href":"https:\/\/lpctour.fr\/2025\/td\/oriane\/wp-json\/wp\/v2\/comments?post=42"}],"version-history":[{"count":6,"href":"https:\/\/lpctour.fr\/2025\/td\/oriane\/wp-json\/wp\/v2\/pages\/42\/revisions"}],"predecessor-version":[{"id":199,"href":"https:\/\/lpctour.fr\/2025\/td\/oriane\/wp-json\/wp\/v2\/pages\/42\/revisions\/199"}],"wp:attachment":[{"href":"https:\/\/lpctour.fr\/2025\/td\/oriane\/wp-json\/wp\/v2\/media?parent=42"}],"curies":[{"name":"wp","href":"https:\/\/api.w.org\/{rel}","templated":true}]}}