{"id":148,"date":"2026-01-10T11:21:47","date_gmt":"2026-01-10T10:21:47","guid":{"rendered":"https:\/\/lpctour.fr\/2025\/td\/oriane\/?post_type=product&#038;p=148"},"modified":"2026-01-10T11:25:03","modified_gmt":"2026-01-10T10:25:03","slug":"excursion-a-monaco-et-monte-carlo","status":"publish","type":"product","link":"https:\/\/lpctour.fr\/2025\/td\/oriane\/produit\/excursion-a-monaco-et-monte-carlo\/","title":{"rendered":"Excursion \u00e0 Monaco et Monte-Carlo"},"content":{"rendered":"<p><span style=\"font-family: tahoma, arial, helvetica, sans-serif;\">Partez \u00e0 la d\u00e9couverte de la Principaut\u00e9 de Monaco lors d\u2019une excursion inoubliable.<\/span><\/p>\n<p><span style=\"font-family: tahoma, arial, helvetica, sans-serif;\">Dur\u00e9e : 1 journ\u00e9e <\/span><br \/>\n<span style=\"font-family: tahoma, arial, helvetica, sans-serif;\">Transport inclus <\/span><br \/>\n<span style=\"font-family: tahoma, arial, helvetica, sans-serif;\">Langue : Fran\u00e7ais<\/span><\/p>\n<p><span style=\"font-family: tahoma, arial, helvetica, sans-serif;\">Cette excursion permet de visiter Monaco-Ville, le Palais Princier, le port de Monte-Carlo ainsi que le c\u00e9l\u00e8bre Casino. Une exp\u00e9rience id\u00e9ale pour d\u00e9couvrir le luxe et l\u2019histoire de la r\u00e9gion.<\/span><\/p>\n","protected":false},"excerpt":{"rendered":"<p>Excursion guid\u00e9e \u00e0 la journ\u00e9e pour d\u00e9couvrir Monaco et Monte-Carlo.<\/p>\n","protected":false},"featured_media":149,"comment_status":"open","ping_status":"closed","template":"","meta":[],"product_brand":[],"product_cat":[18],"product_tag":[],"class_list":{"0":"post-148","1":"product","2":"type-product","3":"status-publish","4":"has-post-thumbnail","6":"product_cat-non-classe","8":"first","9":"instock","10":"shipping-taxable","11":"purchasable","12":"product-type-simple"},"_links":{"self":[{"href":"https:\/\/lpctour.fr\/2025\/td\/oriane\/wp-json\/wp\/v2\/product\/148","targetHints":{"allow":["GET"]}}],"collection":[{"href":"https:\/\/lpctour.fr\/2025\/td\/oriane\/wp-json\/wp\/v2\/product"}],"about":[{"href":"https:\/\/lpctour.fr\/2025\/td\/oriane\/wp-json\/wp\/v2\/types\/product"}],"replies":[{"embeddable":true,"href":"https:\/\/lpctour.fr\/2025\/td\/oriane\/wp-json\/wp\/v2\/comments?post=148"}],"wp:featuredmedia":[{"embeddable":true,"href":"https:\/\/lpctour.fr\/2025\/td\/oriane\/wp-json\/wp\/v2\/media\/149"}],"wp:attachment":[{"href":"https:\/\/lpctour.fr\/2025\/td\/oriane\/wp-json\/wp\/v2\/media?parent=148"}],"wp:term":[{"taxonomy":"product_brand","embeddable":true,"href":"https:\/\/lpctour.fr\/2025\/td\/oriane\/wp-json\/wp\/v2\/product_brand?post=148"},{"taxonomy":"product_cat","embeddable":true,"href":"https:\/\/lpctour.fr\/2025\/td\/oriane\/wp-json\/wp\/v2\/product_cat?post=148"},{"taxonomy":"product_tag","embeddable":true,"href":"https:\/\/lpctour.fr\/2025\/td\/oriane\/wp-json\/wp\/v2\/product_tag?post=148"}],"curies":[{"name":"wp","href":"https:\/\/api.w.org\/{rel}","templated":true}]}}