{"id":153,"date":"2026-01-10T11:36:07","date_gmt":"2026-01-10T10:36:07","guid":{"rendered":"https:\/\/lpctour.fr\/2025\/td\/oriane\/?post_type=product&#038;p=153"},"modified":"2026-01-10T11:36:07","modified_gmt":"2026-01-10T10:36:07","slug":"sortie-en-bateau-sur-la-cote-dazur","status":"publish","type":"product","link":"https:\/\/lpctour.fr\/2025\/td\/oriane\/produit\/sortie-en-bateau-sur-la-cote-dazur\/","title":{"rendered":"Sortie en bateau sur la C\u00f4te d\u2019Azur"},"content":{"rendered":"<p><span style=\"font-family: tahoma, arial, helvetica, sans-serif;\">Profitez d\u2019une sortie en bateau pour d\u00e9couvrir la C\u00f4te d\u2019Azur depuis la mer.<\/span><\/p>\n<p><span style=\"font-family: tahoma, arial, helvetica, sans-serif;\">Dur\u00e9e : 3 heures<\/span><br \/>\n<span style=\"font-family: tahoma, arial, helvetica, sans-serif;\">D\u00e9part : Port de Nice<\/span><br \/>\n<span style=\"font-family: tahoma, arial, helvetica, sans-serif;\">Activit\u00e9 encadr\u00e9e<\/span><\/p>\n<p><span style=\"font-family: tahoma, arial, helvetica, sans-serif;\">Cette exp\u00e9rience permet d\u2019admirer les paysages c\u00f4tiers, les criques et les eaux turquoise de la M\u00e9diterran\u00e9e. Une activit\u00e9 id\u00e9ale pour se d\u00e9tendre et profiter du soleil.<\/span><\/p>\n","protected":false},"excerpt":{"rendered":"<p><span style=\"font-family: tahoma, arial, helvetica, sans-serif;\">Sortie en bateau pour admirer les paysages exceptionnels de la C\u00f4te d\u2019Azur.<\/span><\/p>\n","protected":false},"featured_media":154,"comment_status":"open","ping_status":"closed","template":"","meta":[],"product_brand":[],"product_cat":[18],"product_tag":[],"class_list":{"0":"post-153","1":"product","2":"type-product","3":"status-publish","4":"has-post-thumbnail","6":"product_cat-non-classe","8":"first","9":"instock","10":"shipping-taxable","11":"purchasable","12":"product-type-simple"},"_links":{"self":[{"href":"https:\/\/lpctour.fr\/2025\/td\/oriane\/wp-json\/wp\/v2\/product\/153","targetHints":{"allow":["GET"]}}],"collection":[{"href":"https:\/\/lpctour.fr\/2025\/td\/oriane\/wp-json\/wp\/v2\/product"}],"about":[{"href":"https:\/\/lpctour.fr\/2025\/td\/oriane\/wp-json\/wp\/v2\/types\/product"}],"replies":[{"embeddable":true,"href":"https:\/\/lpctour.fr\/2025\/td\/oriane\/wp-json\/wp\/v2\/comments?post=153"}],"wp:featuredmedia":[{"embeddable":true,"href":"https:\/\/lpctour.fr\/2025\/td\/oriane\/wp-json\/wp\/v2\/media\/154"}],"wp:attachment":[{"href":"https:\/\/lpctour.fr\/2025\/td\/oriane\/wp-json\/wp\/v2\/media?parent=153"}],"wp:term":[{"taxonomy":"product_brand","embeddable":true,"href":"https:\/\/lpctour.fr\/2025\/td\/oriane\/wp-json\/wp\/v2\/product_brand?post=153"},{"taxonomy":"product_cat","embeddable":true,"href":"https:\/\/lpctour.fr\/2025\/td\/oriane\/wp-json\/wp\/v2\/product_cat?post=153"},{"taxonomy":"product_tag","embeddable":true,"href":"https:\/\/lpctour.fr\/2025\/td\/oriane\/wp-json\/wp\/v2\/product_tag?post=153"}],"curies":[{"name":"wp","href":"https:\/\/api.w.org\/{rel}","templated":true}]}}