{"id":12,"date":"2026-01-09T10:03:16","date_gmt":"2026-01-09T09:03:16","guid":{"rendered":"https:\/\/lpctour.fr\/2025\/td\/rosalie\/?page_id=12"},"modified":"2026-01-29T21:29:29","modified_gmt":"2026-01-29T20:29:29","slug":"patrimoine-gastronomie","status":"publish","type":"page","link":"https:\/\/lpctour.fr\/2025\/td\/rosalie\/patrimoine-gastronomie\/","title":{"rendered":"Patrimoine &amp; Gastronomie"},"content":{"rendered":"<h2 data-start=\"161\" data-end=\"203\"><em><strong><span style=\"font-size: 18pt;\">\ud83c\udfdb\ufe0f Patrimoine et gastronomie de Colmar<\/span><\/strong><\/em><\/h2>\n<h2 data-start=\"161\" data-end=\"203\"><span style=\"font-size: 18pt;\"><strong><span style=\"color: #666699;\">D\u00e9couvrir le patrimoine historique de Colmar<\/span><\/strong><\/span><\/h2>\n<p data-start=\"255\" data-end=\"551\">Colmar est une ville incontournable d\u2019Alsace, r\u00e9put\u00e9e pour son <strong data-start=\"318\" data-end=\"356\">patrimoine historique exceptionnel<\/strong> et son centre-ville parfaitement conserv\u00e9. Situ\u00e9e au c\u0153ur de la r\u00e9gion Grand Est, Colmar s\u00e9duit par ses <strong data-start=\"461\" data-end=\"485\">maisons \u00e0 colombages<\/strong>, ses ruelles pav\u00e9es et son architecture m\u00e9di\u00e9vale et Renaissance.<\/p>\n<p data-start=\"553\" data-end=\"882\">Le <strong data-start=\"556\" data-end=\"587\">centre historique de Colmar<\/strong> regorge de monuments embl\u00e9matiques comme la <strong data-start=\"632\" data-end=\"650\">Maison Pfister<\/strong>, construite au XVI\u1d49 si\u00e8cle, ou encore <strong>l\u2019\u00e9glise Saint-Martin<\/strong>. Le quartier de la <strong data-start=\"730\" data-end=\"756\">Petite Venise \u00e0 Colmar<\/strong> est l\u2019un des lieux les plus visit\u00e9s de la ville, appr\u00e9ci\u00e9 pour ses canaux, ses maisons color\u00e9es et son atmosph\u00e8re romantique.<\/p>\n<table style=\"border-collapse: collapse; width: 100%;\">\n<tbody>\n<tr>\n<td style=\"width: 33.333333%;\"><img loading=\"lazy\" decoding=\"async\" class=\"wp-image-80 aligncenter\" src=\"https:\/\/lpctour.fr\/2025\/td\/rosalie\/wp-content\/uploads\/2026\/01\/Colmar-maison-Pfister-2-196x300.jpg\" alt=\"\" width=\"177\" height=\"271\" srcset=\"https:\/\/lpctour.fr\/2025\/td\/rosalie\/wp-content\/uploads\/2026\/01\/Colmar-maison-Pfister-2-196x300.jpg 196w, https:\/\/lpctour.fr\/2025\/td\/rosalie\/wp-content\/uploads\/2026\/01\/Colmar-maison-Pfister-2.jpg 640w\" sizes=\"auto, (max-width: 177px) 100vw, 177px\" \/><\/td>\n<td style=\"width: 33.333333%;\"><img loading=\"lazy\" decoding=\"async\" class=\"wp-image-90 alignright\" src=\"https:\/\/lpctour.fr\/2025\/td\/rosalie\/wp-content\/uploads\/2026\/01\/532f9697dce8b467ffa57129ef42c245-200x300.jpg\" alt=\"\" width=\"188\" height=\"283\" srcset=\"https:\/\/lpctour.fr\/2025\/td\/rosalie\/wp-content\/uploads\/2026\/01\/532f9697dce8b467ffa57129ef42c245-200x300.jpg 200w, https:\/\/lpctour.fr\/2025\/td\/rosalie\/wp-content\/uploads\/2026\/01\/532f9697dce8b467ffa57129ef42c245.jpg 500w\" sizes=\"auto, (max-width: 188px) 100vw, 188px\" \/><\/td>\n<td style=\"width: 33.333333%;\"><img loading=\"lazy\" decoding=\"async\" class=\"wp-image-91 aligncenter\" src=\"https:\/\/lpctour.fr\/2025\/td\/rosalie\/wp-content\/uploads\/2026\/01\/454ef512d485bfafbf5ab4d9187c7f06-200x300.jpg\" alt=\"\" width=\"181\" height=\"272\" srcset=\"https:\/\/lpctour.fr\/2025\/td\/rosalie\/wp-content\/uploads\/2026\/01\/454ef512d485bfafbf5ab4d9187c7f06-200x300.jpg 200w, https:\/\/lpctour.fr\/2025\/td\/rosalie\/wp-content\/uploads\/2026\/01\/454ef512d485bfafbf5ab4d9187c7f06-683x1024.jpg 683w, https:\/\/lpctour.fr\/2025\/td\/rosalie\/wp-content\/uploads\/2026\/01\/454ef512d485bfafbf5ab4d9187c7f06-768x1152.jpg 768w, https:\/\/lpctour.fr\/2025\/td\/rosalie\/wp-content\/uploads\/2026\/01\/454ef512d485bfafbf5ab4d9187c7f06.jpg 1000w\" sizes=\"auto, (max-width: 181px) 100vw, 181px\" \/><\/td>\n<\/tr>\n<\/tbody>\n<\/table>\n<hr data-start=\"1106\" data-end=\"1109\" \/>\n<h3 data-start=\"1111\" data-end=\"1149\"><span style=\"font-size: 18pt; color: #666699;\"><strong>La gastronomie alsacienne \u00e0 Colmar<\/strong><\/span><\/h3>\n<p data-start=\"1151\" data-end=\"1482\">La <strong data-start=\"1154\" data-end=\"1179\">gastronomie de Colmar<\/strong> est un pilier de l\u2019identit\u00e9 locale. Elle refl\u00e8te les traditions culinaires alsaciennes, connues pour leur g\u00e9n\u00e9rosit\u00e9 et leurs saveurs authentiques. Les sp\u00e9cialit\u00e9s typiques de Colmar incluent la <strong data-start=\"1375\" data-end=\"1396\">choucroute garnie<\/strong>, la <strong data-start=\"1420\" data-end=\"1452\">tarte flamb\u00e9e (flammekueche)<\/strong> et le c\u00e9l\u00e8bre <strong data-start=\"1467\" data-end=\"1481\">kougelhopf<\/strong>.<\/p>\n<table style=\"border-collapse: collapse; width: 100%;\">\n<tbody>\n<tr>\n<td style=\"width: 33.333333%;\"><img loading=\"lazy\" decoding=\"async\" class=\"alignnone  wp-image-92\" src=\"https:\/\/lpctour.fr\/2025\/td\/rosalie\/wp-content\/uploads\/2026\/01\/8f887df2863e7cac96464a9dc8110142-200x300.jpg\" alt=\"\" width=\"169\" height=\"254\" srcset=\"https:\/\/lpctour.fr\/2025\/td\/rosalie\/wp-content\/uploads\/2026\/01\/8f887df2863e7cac96464a9dc8110142-200x300.jpg 200w, https:\/\/lpctour.fr\/2025\/td\/rosalie\/wp-content\/uploads\/2026\/01\/8f887df2863e7cac96464a9dc8110142-683x1024.jpg 683w, https:\/\/lpctour.fr\/2025\/td\/rosalie\/wp-content\/uploads\/2026\/01\/8f887df2863e7cac96464a9dc8110142-768x1152.jpg 768w, https:\/\/lpctour.fr\/2025\/td\/rosalie\/wp-content\/uploads\/2026\/01\/8f887df2863e7cac96464a9dc8110142-1024x1536.jpg 1024w, https:\/\/lpctour.fr\/2025\/td\/rosalie\/wp-content\/uploads\/2026\/01\/8f887df2863e7cac96464a9dc8110142.jpg 1200w\" sizes=\"auto, (max-width: 169px) 100vw, 169px\" \/><\/td>\n<td style=\"width: 33.333333%;\"><img loading=\"lazy\" decoding=\"async\" class=\"wp-image-93 alignnone\" src=\"https:\/\/lpctour.fr\/2025\/td\/rosalie\/wp-content\/uploads\/2026\/01\/19fbd765e76f59f3a2cf7e941cffb242-200x300.jpg\" alt=\"\" width=\"168\" height=\"252\" srcset=\"https:\/\/lpctour.fr\/2025\/td\/rosalie\/wp-content\/uploads\/2026\/01\/19fbd765e76f59f3a2cf7e941cffb242-200x300.jpg 200w, https:\/\/lpctour.fr\/2025\/td\/rosalie\/wp-content\/uploads\/2026\/01\/19fbd765e76f59f3a2cf7e941cffb242.jpg 665w\" sizes=\"auto, (max-width: 168px) 100vw, 168px\" \/><\/td>\n<td style=\"width: 33.333333%;\"><img loading=\"lazy\" decoding=\"async\" class=\"wp-image-94 aligncenter\" src=\"https:\/\/lpctour.fr\/2025\/td\/rosalie\/wp-content\/uploads\/2026\/01\/57804c22b6c8dcb26249ed735d970d89-215x300.jpg\" alt=\"\" width=\"199\" height=\"277\" srcset=\"https:\/\/lpctour.fr\/2025\/td\/rosalie\/wp-content\/uploads\/2026\/01\/57804c22b6c8dcb26249ed735d970d89-215x300.jpg 215w, https:\/\/lpctour.fr\/2025\/td\/rosalie\/wp-content\/uploads\/2026\/01\/57804c22b6c8dcb26249ed735d970d89-735x1024.jpg 735w, https:\/\/lpctour.fr\/2025\/td\/rosalie\/wp-content\/uploads\/2026\/01\/57804c22b6c8dcb26249ed735d970d89-768x1070.jpg 768w, https:\/\/lpctour.fr\/2025\/td\/rosalie\/wp-content\/uploads\/2026\/01\/57804c22b6c8dcb26249ed735d970d89-1103x1536.jpg 1103w, https:\/\/lpctour.fr\/2025\/td\/rosalie\/wp-content\/uploads\/2026\/01\/57804c22b6c8dcb26249ed735d970d89.jpg 1199w\" sizes=\"auto, (max-width: 199px) 100vw, 199px\" \/><\/td>\n<\/tr>\n<\/tbody>\n<\/table>\n<p data-start=\"1484\" data-end=\"1850\">Les restaurants traditionnels, appel\u00e9s <strong data-start=\"1523\" data-end=\"1535\">winstubs<\/strong>, proposent une cuisine locale accompagn\u00e9e de produits du terroir tels que les charcuteries, les fromages et les pains artisanaux. Colmar est aussi une \u00e9tape cl\u00e9 de la <strong data-start=\"1703\" data-end=\"1730\">Route des Vins d\u2019Alsace<\/strong>, offrant l\u2019opportunit\u00e9 de d\u00e9guster des vins renomm\u00e9s comme le <strong data-start=\"1793\" data-end=\"1805\">Riesling<\/strong>, le <strong data-start=\"1810\" data-end=\"1828\">Gewurztraminer<\/strong> et le <strong data-start=\"1835\" data-end=\"1849\">Pinot Gris<\/strong>.<\/p>\n<p data-start=\"1852\" data-end=\"2043\">Gr\u00e2ce \u00e0 son patrimoine architectural unique et \u00e0 sa cuisine traditionnelle alsacienne, Colmar est une destination id\u00e9ale pour les amateurs de culture, de gastronomie et de tourisme en Alsace.<\/p>\n","protected":false},"excerpt":{"rendered":"<p>\ud83c\udfdb\ufe0f Patrimoine et gastronomie de Colmar D\u00e9couvrir le patrimoine historique de Colmar Colmar est une ville incontournable d\u2019Alsace, r\u00e9put\u00e9e pour son patrimoine historique exceptionnel et son centre-ville parfaitement conserv\u00e9. Situ\u00e9e au c\u0153ur de la r\u00e9gion Grand Est, Colmar s\u00e9duit par ses maisons \u00e0 colombages, ses ruelles pav\u00e9es et son architecture m\u00e9di\u00e9vale et Renaissance. Le centre &hellip; <\/p>\n<p class=\"link-more\"><a href=\"https:\/\/lpctour.fr\/2025\/td\/rosalie\/patrimoine-gastronomie\/\" class=\"more-link\">Continuer la lecture<span class=\"screen-reader-text\"> de &laquo;&nbsp;Patrimoine &amp; Gastronomie&nbsp;&raquo;<\/span><\/a><\/p>\n","protected":false},"author":1,"featured_media":0,"parent":0,"menu_order":0,"comment_status":"closed","ping_status":"closed","template":"","meta":{"footnotes":""},"class_list":["post-12","page","type-page","status-publish","hentry"],"_links":{"self":[{"href":"https:\/\/lpctour.fr\/2025\/td\/rosalie\/wp-json\/wp\/v2\/pages\/12","targetHints":{"allow":["GET"]}}],"collection":[{"href":"https:\/\/lpctour.fr\/2025\/td\/rosalie\/wp-json\/wp\/v2\/pages"}],"about":[{"href":"https:\/\/lpctour.fr\/2025\/td\/rosalie\/wp-json\/wp\/v2\/types\/page"}],"author":[{"embeddable":true,"href":"https:\/\/lpctour.fr\/2025\/td\/rosalie\/wp-json\/wp\/v2\/users\/1"}],"replies":[{"embeddable":true,"href":"https:\/\/lpctour.fr\/2025\/td\/rosalie\/wp-json\/wp\/v2\/comments?post=12"}],"version-history":[{"count":3,"href":"https:\/\/lpctour.fr\/2025\/td\/rosalie\/wp-json\/wp\/v2\/pages\/12\/revisions"}],"predecessor-version":[{"id":95,"href":"https:\/\/lpctour.fr\/2025\/td\/rosalie\/wp-json\/wp\/v2\/pages\/12\/revisions\/95"}],"wp:attachment":[{"href":"https:\/\/lpctour.fr\/2025\/td\/rosalie\/wp-json\/wp\/v2\/media?parent=12"}],"curies":[{"name":"wp","href":"https:\/\/api.w.org\/{rel}","templated":true}]}}