{"id":15,"date":"2026-01-09T10:12:04","date_gmt":"2026-01-09T09:12:04","guid":{"rendered":"https:\/\/lpctour.fr\/2025\/td\/rosalie\/?page_id=15"},"modified":"2026-01-30T00:12:31","modified_gmt":"2026-01-29T23:12:31","slug":"decouvrir-colmar","status":"publish","type":"page","link":"https:\/\/lpctour.fr\/2025\/td\/rosalie\/decouvrir-colmar\/","title":{"rendered":"D\u00e9couvrir Colmar"},"content":{"rendered":"<h2 data-start=\"149\" data-end=\"171\"><span style=\"font-size: 18pt; color: #cc99ff;\"><strong>\ud83c\udf1f D\u00e9couvrir Colmar <\/strong><\/span><span style=\"font-size: 18pt; color: #cc99ff;\"><strong>\ud83c\udf1f<\/strong><\/span><\/h2>\n<h3 data-start=\"173\" data-end=\"225\"><strong><span style=\"font-size: 18pt;\"><em><span style=\"font-family: 'times new roman', times, serif;\">Colmar, une destination incontournable en Alsace<\/span><\/em><\/span><\/strong><\/h3>\n<p data-start=\"227\" data-end=\"583\">Situ\u00e9e au c\u0153ur de l\u2019Alsace, Colmar est une ville embl\u00e9matique qui s\u00e9duit par son <strong data-start=\"308\" data-end=\"330\">charme authentique<\/strong>, son riche patrimoine et son art de vivre unique. R\u00e9put\u00e9e pour son <strong data-start=\"398\" data-end=\"441\">centre historique parfaitement conserv\u00e9<\/strong>, Colmar attire chaque ann\u00e9e de nombreux visiteurs venus d\u00e9couvrir ses maisons \u00e0 colombages, ses ruelles pav\u00e9es et son atmosph\u00e8re chaleureuse.<\/p>\n<table style=\"border-collapse: collapse; width: 100%;\">\n<tbody>\n<tr>\n<td style=\"width: 100%;\"><img loading=\"lazy\" decoding=\"async\" class=\"wp-image-105 aligncenter\" src=\"https:\/\/lpctour.fr\/2025\/td\/rosalie\/wp-content\/uploads\/2026\/01\/57ca58a34824463b25c425310c17a7dd-300x200.jpg\" alt=\"\" width=\"470\" height=\"313\" srcset=\"https:\/\/lpctour.fr\/2025\/td\/rosalie\/wp-content\/uploads\/2026\/01\/57ca58a34824463b25c425310c17a7dd-300x200.jpg 300w, https:\/\/lpctour.fr\/2025\/td\/rosalie\/wp-content\/uploads\/2026\/01\/57ca58a34824463b25c425310c17a7dd-1024x683.jpg 1024w, https:\/\/lpctour.fr\/2025\/td\/rosalie\/wp-content\/uploads\/2026\/01\/57ca58a34824463b25c425310c17a7dd-768x512.jpg 768w, https:\/\/lpctour.fr\/2025\/td\/rosalie\/wp-content\/uploads\/2026\/01\/57ca58a34824463b25c425310c17a7dd.jpg 1080w\" sizes=\"auto, (max-width: 470px) 100vw, 470px\" \/><\/td>\n<\/tr>\n<\/tbody>\n<\/table>\n<h3 data-start=\"735\" data-end=\"775\"><strong><span style=\"font-family: 'times new roman', times, serif; font-size: 18pt;\"><em>Un patrimoine historique remarquable<\/em><\/span><\/strong><\/h3>\n<p data-start=\"777\" data-end=\"1039\">D\u00e9couvrir Colmar, c\u2019est plonger dans plusieurs si\u00e8cles d\u2019histoire. Le <strong data-start=\"847\" data-end=\"873\">centre-ville de Colmar<\/strong> regorge de monuments et de b\u00e2timents remarquables, comme la <strong data-start=\"934\" data-end=\"952\">Maison Pfister<\/strong>, la <strong data-start=\"957\" data-end=\"984\">coll\u00e9giale Saint-Martin<\/strong> ou encore le <strong data-start=\"998\" data-end=\"1009\">Ko\u00effhus<\/strong>, ancienne douane de la ville.<\/p>\n<p data-start=\"1285\" data-end=\"1459\">Colmar est \u00e9galement une ville culturelle majeure gr\u00e2ce au <strong data-start=\"1344\" data-end=\"1365\">mus\u00e9e Unterlinden<\/strong>, l\u2019un des mus\u00e9es les plus c\u00e9l\u00e8bres d\u2019Alsace, connu notamment pour le <strong data-start=\"1435\" data-end=\"1458\">Retable d\u2019Issenheim<\/strong>.<\/p>\n<table style=\"border-collapse: collapse; width: 100%;\">\n<tbody>\n<tr>\n<td style=\"width: 50%;\"><img loading=\"lazy\" decoding=\"async\" class=\"alignnone size-medium wp-image-106\" src=\"https:\/\/lpctour.fr\/2025\/td\/rosalie\/wp-content\/uploads\/2026\/01\/actuel-musee-unterlinden-01-300x200.jpg\" alt=\"\" width=\"300\" height=\"200\" srcset=\"https:\/\/lpctour.fr\/2025\/td\/rosalie\/wp-content\/uploads\/2026\/01\/actuel-musee-unterlinden-01-300x200.jpg 300w, https:\/\/lpctour.fr\/2025\/td\/rosalie\/wp-content\/uploads\/2026\/01\/actuel-musee-unterlinden-01-768x512.jpg 768w, https:\/\/lpctour.fr\/2025\/td\/rosalie\/wp-content\/uploads\/2026\/01\/actuel-musee-unterlinden-01.jpg 1024w\" sizes=\"auto, (max-width: 300px) 100vw, 300px\" \/><\/td>\n<td style=\"width: 50%;\"><img loading=\"lazy\" decoding=\"async\" class=\"alignnone size-medium wp-image-107\" src=\"https:\/\/lpctour.fr\/2025\/td\/rosalie\/wp-content\/uploads\/2026\/01\/billet-d-entree-musee-unterlinden_0_617ab19a40e3b072845497-300x200.jpg\" alt=\"\" width=\"300\" height=\"200\" srcset=\"https:\/\/lpctour.fr\/2025\/td\/rosalie\/wp-content\/uploads\/2026\/01\/billet-d-entree-musee-unterlinden_0_617ab19a40e3b072845497-300x200.jpg 300w, https:\/\/lpctour.fr\/2025\/td\/rosalie\/wp-content\/uploads\/2026\/01\/billet-d-entree-musee-unterlinden_0_617ab19a40e3b072845497.jpg 600w\" sizes=\"auto, (max-width: 300px) 100vw, 300px\" \/><\/td>\n<\/tr>\n<\/tbody>\n<\/table>\n<h3 data-start=\"1466\" data-end=\"1501\"><strong><span style=\"font-size: 18pt;\"><em><span style=\"font-family: 'times new roman', times, serif;\">Une ville vivante toute l\u2019ann\u00e9e<\/span><\/em><\/span><\/strong><\/h3>\n<p data-start=\"1503\" data-end=\"1795\">Colmar est une ville anim\u00e9e en toutes saisons. Tout au long de l\u2019ann\u00e9e, de nombreux <strong data-start=\"1587\" data-end=\"1622\">\u00e9v\u00e9nements culturels et festifs<\/strong>rythment la vie locale : march\u00e9s de P\u00e2ques, festivals de musique, f\u00eates traditionnelles et bien s\u00fbr les c\u00e9l\u00e8bres <strong data-start=\"1736\" data-end=\"1765\">march\u00e9s de No\u00ebl de Colmar<\/strong>, r\u00e9put\u00e9s dans toute l\u2019Europe. Les visiteurs peuvent \u00e9galement profiter de balades le long des quais, de promenades en barque dans la Petite Venise ou simplement fl\u00e2ner dans les rues du centre historique.<\/p>\n<table style=\"border-collapse: collapse; width: 100%;\">\n<tbody>\n<tr>\n<td style=\"width: 50%;\"><img loading=\"lazy\" decoding=\"async\" class=\"size-medium wp-image-108 aligncenter\" src=\"https:\/\/lpctour.fr\/2025\/td\/rosalie\/wp-content\/uploads\/2026\/01\/03aaff536f3bbbdcbda1563ccd0c875c-200x300.jpg\" alt=\"\" width=\"200\" height=\"300\" srcset=\"https:\/\/lpctour.fr\/2025\/td\/rosalie\/wp-content\/uploads\/2026\/01\/03aaff536f3bbbdcbda1563ccd0c875c-200x300.jpg 200w, https:\/\/lpctour.fr\/2025\/td\/rosalie\/wp-content\/uploads\/2026\/01\/03aaff536f3bbbdcbda1563ccd0c875c-683x1024.jpg 683w, https:\/\/lpctour.fr\/2025\/td\/rosalie\/wp-content\/uploads\/2026\/01\/03aaff536f3bbbdcbda1563ccd0c875c.jpg 736w\" sizes=\"auto, (max-width: 200px) 100vw, 200px\" \/><\/td>\n<td style=\"width: 50%;\"><img loading=\"lazy\" decoding=\"async\" class=\"size-medium wp-image-109 aligncenter\" src=\"https:\/\/lpctour.fr\/2025\/td\/rosalie\/wp-content\/uploads\/2026\/01\/7fcdef36e8f0d08a46352aefbb1b1c9f-240x300.jpg\" alt=\"\" width=\"240\" height=\"300\" srcset=\"https:\/\/lpctour.fr\/2025\/td\/rosalie\/wp-content\/uploads\/2026\/01\/7fcdef36e8f0d08a46352aefbb1b1c9f-240x300.jpg 240w, https:\/\/lpctour.fr\/2025\/td\/rosalie\/wp-content\/uploads\/2026\/01\/7fcdef36e8f0d08a46352aefbb1b1c9f-819x1024.jpg 819w, https:\/\/lpctour.fr\/2025\/td\/rosalie\/wp-content\/uploads\/2026\/01\/7fcdef36e8f0d08a46352aefbb1b1c9f-768x960.jpg 768w, https:\/\/lpctour.fr\/2025\/td\/rosalie\/wp-content\/uploads\/2026\/01\/7fcdef36e8f0d08a46352aefbb1b1c9f.jpg 1080w\" sizes=\"auto, (max-width: 240px) 100vw, 240px\" \/><\/td>\n<\/tr>\n<\/tbody>\n<\/table>\n<h3 data-start=\"1977\" data-end=\"2026\"><strong><span style=\"font-size: 18pt;\"><em><span style=\"font-family: 'times new roman', times, serif;\">Colmar, au c\u0153ur de la Route des Vins d\u2019Alsace<\/span><\/em><\/span><\/strong><\/h3>\n<p data-start=\"2028\" data-end=\"2369\">Gr\u00e2ce \u00e0 sa situation privil\u00e9gi\u00e9e sur la <strong data-start=\"2068\" data-end=\"2095\">Route des Vins d\u2019Alsace<\/strong>, Colmar est un point de d\u00e9part id\u00e9al pour explorer les villages viticoles environnants comme Eguisheim, Riquewihr ou Kaysersberg. La ville est \u00e9galement r\u00e9put\u00e9e pour sa <strong data-start=\"2265\" data-end=\"2291\">gastronomie alsacienne<\/strong>, que l\u2019on peut d\u00e9couvrir dans les restaurants traditionnels appel\u00e9s winstubs.<\/p>\n<h3 data-start=\"2376\" data-end=\"2405\"><span style=\"font-size: 18pt; color: #cc99ff;\"><strong>Pourquoi visiter Colmar ?<\/strong><\/span><\/h3>\n<p data-start=\"2407\" data-end=\"2719\">Entre patrimoine historique, \u00e9v\u00e9nements culturels, traditions alsaciennes et douceur de vivre, Colmar est une destination id\u00e9ale pour un <a href=\"https:\/\/www.explore-grandest.com\/offres\/hebergements\/alsace?gad_source=1&amp;gad_campaignid=20112403418&amp;gbraid=0AAAAADslGS5fdkZqBa4u-_K1j1ylDmIZ6&amp;gclid=Cj0KCQiAp-zLBhDkARIsABcYc6smJKqKmTQXUvDYxqaorCkrkgIlj6TwhRoLe0E4aGxKjxQkhSgkm3waAvYUEALw_wcB\"><strong data-start=\"2544\" data-end=\"2579\">week-end ou un s\u00e9jour en Alsace<\/strong>.<\/a> Que vous soyez amateur de culture, de gastronomie ou simplement en qu\u00eate de d\u00e9paysement, Colmar offre une exp\u00e9rience riche et authentique.<\/p>\n","protected":false},"excerpt":{"rendered":"<p>\ud83c\udf1f D\u00e9couvrir Colmar \ud83c\udf1f Colmar, une destination incontournable en Alsace Situ\u00e9e au c\u0153ur de l\u2019Alsace, Colmar est une ville embl\u00e9matique qui s\u00e9duit par son charme authentique, son riche patrimoine et son art de vivre unique. R\u00e9put\u00e9e pour son centre historique parfaitement conserv\u00e9, Colmar attire chaque ann\u00e9e de nombreux visiteurs venus d\u00e9couvrir ses maisons \u00e0 colombages, &hellip; <\/p>\n<p class=\"link-more\"><a href=\"https:\/\/lpctour.fr\/2025\/td\/rosalie\/decouvrir-colmar\/\" class=\"more-link\">Continuer la lecture<span class=\"screen-reader-text\"> de &laquo;&nbsp;D\u00e9couvrir Colmar&nbsp;&raquo;<\/span><\/a><\/p>\n","protected":false},"author":1,"featured_media":9,"parent":0,"menu_order":0,"comment_status":"closed","ping_status":"closed","template":"","meta":{"footnotes":""},"class_list":["post-15","page","type-page","status-publish","has-post-thumbnail","hentry"],"_links":{"self":[{"href":"https:\/\/lpctour.fr\/2025\/td\/rosalie\/wp-json\/wp\/v2\/pages\/15","targetHints":{"allow":["GET"]}}],"collection":[{"href":"https:\/\/lpctour.fr\/2025\/td\/rosalie\/wp-json\/wp\/v2\/pages"}],"about":[{"href":"https:\/\/lpctour.fr\/2025\/td\/rosalie\/wp-json\/wp\/v2\/types\/page"}],"author":[{"embeddable":true,"href":"https:\/\/lpctour.fr\/2025\/td\/rosalie\/wp-json\/wp\/v2\/users\/1"}],"replies":[{"embeddable":true,"href":"https:\/\/lpctour.fr\/2025\/td\/rosalie\/wp-json\/wp\/v2\/comments?post=15"}],"version-history":[{"count":6,"href":"https:\/\/lpctour.fr\/2025\/td\/rosalie\/wp-json\/wp\/v2\/pages\/15\/revisions"}],"predecessor-version":[{"id":111,"href":"https:\/\/lpctour.fr\/2025\/td\/rosalie\/wp-json\/wp\/v2\/pages\/15\/revisions\/111"}],"wp:featuredmedia":[{"embeddable":true,"href":"https:\/\/lpctour.fr\/2025\/td\/rosalie\/wp-json\/wp\/v2\/media\/9"}],"wp:attachment":[{"href":"https:\/\/lpctour.fr\/2025\/td\/rosalie\/wp-json\/wp\/v2\/media?parent=15"}],"curies":[{"name":"wp","href":"https:\/\/api.w.org\/{rel}","templated":true}]}}