{"id":14,"date":"2025-11-28T10:10:02","date_gmt":"2025-11-28T09:10:02","guid":{"rendered":"https:\/\/lpctour.buchon.fr\/2025\/td\/thibault\/front_page\/"},"modified":"2025-12-19T09:42:40","modified_gmt":"2025-12-19T08:42:40","slug":"front_page","status":"publish","type":"page","link":"https:\/\/lpctour.fr\/2025\/td\/thibault\/","title":{"rendered":""},"content":{"rendered":"\n<p class=\"has-text-align-center has-medium-font-size\" style=\"font-style:italic;font-weight:400\">Partez \u00e0 la d\u00e9couverte de la ville lumi\u00e8re et laissez-vous s\u00e9duire par ses rues anim\u00e9es, ses march\u00e9s color\u00e9s et ses jardins cach\u00e9s. <\/p>\n\n\n\n<p class=\"has-text-align-center has-medium-font-size\" style=\"font-style:italic;font-weight:400\">Chaque quartier a son charme et r\u00e9serve des surprises : caf\u00e9s typiques, ponts embl\u00e9matiques, librairies intimistes ou ateliers d\u2019artistes. Fl\u00e2nez \u00e0 votre rythme, impr\u00e9gnez-vous de l\u2019atmosph\u00e8re unique de la capitale et vivez des instants inoubliables au c\u0153ur de Paris.<\/p>\n\n\n\n<p><\/p>\n\n\n\n<h1 class=\"wp-block-heading\" style=\"margin-top:var(--wp--preset--spacing--70);margin-bottom:var(--wp--preset--spacing--70);font-style:italic;font-weight:1000\">Carte interactive de la ville de Paris<\/h1>\n\n\n\n<div class=\"wp-block-columns is-layout-flex wp-container-core-columns-is-layout-28f84493 wp-block-columns-is-layout-flex\">\n<div class=\"wp-block-column is-layout-flow wp-block-column-is-layout-flow\">\n<div class=\"wp-block-gmap-gmap-block gmap-block-y9dkm4tu\"><iframe src=\"https:\/\/maps.google.com\/maps?q=paris&amp;z=11&amp;t=roadmap&amp;output=embed\" class=\"embd-map\" title=\"paris\"><\/iframe><\/div>\n<\/div>\n\n\n\n<div class=\"wp-block-column is-layout-flow wp-block-column-is-layout-flow\" style=\"border-style:none;border-width:0px\">\n<figure class=\"wp-block-image size-large\"><img loading=\"lazy\" decoding=\"async\" width=\"1024\" height=\"580\" src=\"https:\/\/lpctour.buchon.fr\/2025\/td\/thibault\/wp-content\/uploads\/2025\/12\/EZZ-1024x580.jpg\" alt=\"\" class=\"wp-image-55\" style=\"aspect-ratio:1.76563662181351\" srcset=\"https:\/\/lpctour.fr\/2025\/td\/thibault\/wp-content\/uploads\/2025\/12\/EZZ-1024x580.jpg 1024w, https:\/\/lpctour.fr\/2025\/td\/thibault\/wp-content\/uploads\/2025\/12\/EZZ-300x170.jpg 300w, https:\/\/lpctour.fr\/2025\/td\/thibault\/wp-content\/uploads\/2025\/12\/EZZ-768x435.jpg 768w, https:\/\/lpctour.fr\/2025\/td\/thibault\/wp-content\/uploads\/2025\/12\/EZZ-1140x646.jpg 1140w, https:\/\/lpctour.fr\/2025\/td\/thibault\/wp-content\/uploads\/2025\/12\/EZZ.jpg 1191w\" sizes=\"auto, (max-width: 1024px) 100vw, 1024px\" \/><figcaption class=\"wp-element-caption\"><em>\u00ab Paris n\u2019est pas seulement une ville, c\u2019est un monde entier. On peut y vivre mille vies, suivre mille routes diff\u00e9rentes, et pourtant, chaque jour, elle semble nouvelle aux yeux de celui qui la regarde avec un peu de c\u0153ur. \u00bb <\/em><br><em><br>\u00c9mile Zola<\/em><\/figcaption><\/figure>\n<\/div>\n<\/div>\n\n\n\n<h1 class=\"wp-block-heading\" style=\"margin-top:var(--wp--preset--spacing--70);margin-bottom:var(--wp--preset--spacing--70);font-style:italic;font-weight:1000\">Pourquoi ce site ?<\/h1>\n\n\n\n<div class=\"wp-block-columns is-layout-flex wp-container-core-columns-is-layout-28f84493 wp-block-columns-is-layout-flex\">\n<div class=\"wp-block-column is-vertically-aligned-top is-layout-flow wp-block-column-is-layout-flow\">\n<p class=\"has-medium-font-size\">Ce site a \u00e9t\u00e9 con\u00e7u pour vous guider dans la d\u00e9couverte de Paris, quartier par quartier. <\/p>\n\n\n\n<p class=\"has-medium-font-size\">L\u2019objectif est simple : vous faire explorer la ville comme un habitant, en mettant en lumi\u00e8re ses lieux embl\u00e9matiques mais aussi ses tr\u00e9sors cach\u00e9s.<\/p>\n\n\n\n<p class=\"has-medium-font-size\">Chaque arrondissement devient un univers \u00e0 part enti\u00e8re, riche en surprises et en exp\u00e9riences \u00e0 vivre.<\/p>\n<\/div>\n\n\n\n<div class=\"wp-block-column is-layout-flow wp-block-column-is-layout-flow\">\n<figure class=\"wp-block-image size-full\"><img loading=\"lazy\" decoding=\"async\" width=\"2560\" height=\"1707\" src=\"https:\/\/lpctour.fr\/2025\/td\/thibault\/wp-content\/uploads\/2025\/12\/femme-musulmane-voyageant-a-paris-scaled.jpg\" alt=\"\" class=\"wp-image-164\" style=\"aspect-ratio:16\/9;object-fit:cover\" srcset=\"https:\/\/lpctour.fr\/2025\/td\/thibault\/wp-content\/uploads\/2025\/12\/femme-musulmane-voyageant-a-paris-scaled.jpg 2560w, https:\/\/lpctour.fr\/2025\/td\/thibault\/wp-content\/uploads\/2025\/12\/femme-musulmane-voyageant-a-paris-300x200.jpg 300w, https:\/\/lpctour.fr\/2025\/td\/thibault\/wp-content\/uploads\/2025\/12\/femme-musulmane-voyageant-a-paris-1024x683.jpg 1024w, https:\/\/lpctour.fr\/2025\/td\/thibault\/wp-content\/uploads\/2025\/12\/femme-musulmane-voyageant-a-paris-768x512.jpg 768w, https:\/\/lpctour.fr\/2025\/td\/thibault\/wp-content\/uploads\/2025\/12\/femme-musulmane-voyageant-a-paris-1536x1024.jpg 1536w, https:\/\/lpctour.fr\/2025\/td\/thibault\/wp-content\/uploads\/2025\/12\/femme-musulmane-voyageant-a-paris-2048x1365.jpg 2048w, https:\/\/lpctour.fr\/2025\/td\/thibault\/wp-content\/uploads\/2025\/12\/femme-musulmane-voyageant-a-paris-1140x760.jpg 1140w\" sizes=\"auto, (max-width: 2560px) 100vw, 2560px\" \/><\/figure>\n<\/div>\n<\/div>\n\n\n\n<p><\/p>\n","protected":false},"excerpt":{"rendered":"<p>Partez \u00e0 la d\u00e9couverte de la ville lumi\u00e8re et laissez-vous s\u00e9duire par ses rues anim\u00e9es, ses march\u00e9s color\u00e9s et ses jardins cach\u00e9s. Chaque quartier a son charme et r\u00e9serve des surprises : caf\u00e9s typiques, ponts embl\u00e9matiques, librairies intimistes ou ateliers d\u2019artistes. Fl\u00e2nez \u00e0 votre rythme, impr\u00e9gnez-vous de l\u2019atmosph\u00e8re unique de la capitale et vivez des instants inoubliables au c\u0153ur de Paris. Carte interactive de la ville de Paris Pourquoi ce site ? Ce site a \u00e9t\u00e9 con\u00e7u pour vous guider dans la d\u00e9couverte de Paris, quartier par quartier. L\u2019objectif est simple : vous faire explorer la ville comme un habitant, en mettant en lumi\u00e8re ses lieux embl\u00e9matiques mais aussi ses tr\u00e9sors cach\u00e9s. Chaque arrondissement devient un univers \u00e0 part enti\u00e8re, riche en surprises et en exp\u00e9riences \u00e0 vivre.<\/p>\n","protected":false},"author":1,"featured_media":0,"parent":0,"menu_order":0,"comment_status":"closed","ping_status":"closed","template":"","meta":{"footnotes":""},"class_list":["post-14","page","type-page","status-publish","hentry"],"_links":{"self":[{"href":"https:\/\/lpctour.fr\/2025\/td\/thibault\/wp-json\/wp\/v2\/pages\/14","targetHints":{"allow":["GET"]}}],"collection":[{"href":"https:\/\/lpctour.fr\/2025\/td\/thibault\/wp-json\/wp\/v2\/pages"}],"about":[{"href":"https:\/\/lpctour.fr\/2025\/td\/thibault\/wp-json\/wp\/v2\/types\/page"}],"author":[{"embeddable":true,"href":"https:\/\/lpctour.fr\/2025\/td\/thibault\/wp-json\/wp\/v2\/users\/1"}],"replies":[{"embeddable":true,"href":"https:\/\/lpctour.fr\/2025\/td\/thibault\/wp-json\/wp\/v2\/comments?post=14"}],"version-history":[{"count":23,"href":"https:\/\/lpctour.fr\/2025\/td\/thibault\/wp-json\/wp\/v2\/pages\/14\/revisions"}],"predecessor-version":[{"id":170,"href":"https:\/\/lpctour.fr\/2025\/td\/thibault\/wp-json\/wp\/v2\/pages\/14\/revisions\/170"}],"wp:attachment":[{"href":"https:\/\/lpctour.fr\/2025\/td\/thibault\/wp-json\/wp\/v2\/media?parent=14"}],"curies":[{"name":"wp","href":"https:\/\/api.w.org\/{rel}","templated":true}]}}