{"id":144,"date":"2025-10-24T11:37:50","date_gmt":"2025-10-24T09:37:50","guid":{"rendered":"https:\/\/lpctour.fr\/2025\/tp\/clara\/?page_id=144"},"modified":"2025-10-24T11:39:47","modified_gmt":"2025-10-24T09:39:47","slug":"spa-2","status":"publish","type":"page","link":"https:\/\/lpctour.fr\/2025\/tp\/clara\/spa-2\/","title":{"rendered":"Spa \u2013 Bain \u00e0 remous ext\u00e9rieur situ\u00e9 sur la terrasse Ouest en surplomb du parc"},"content":{"rendered":"<header class=\"entry-header\">\n<h1 class=\"entry-title\"><span style=\"font-size: 16px;\">Vous pourrez vous baigner dans le Spa \u00e0 d\u00e9bordement, en toute saison, en profitant de la vue sur le parc et ses arbres centenaires.<\/span><\/h1>\n<\/header>\n<div class=\"entry-content\">\n<p>Dans une eau chauff\u00e9e \u00e0 35\u00b0, \u00a08 jets de massage et 12 buses soufflantes, vous aurez le plaisir de passer un agr\u00e9able moment de d\u00e9tente.<\/p>\n<p>Privatisation du spa \u00a0(jusqu\u2019\u00e0 6 personnes) \u2013 R\u00e9servez votre plage horaire\u00a0:<\/p>\n<ul id=\"tarif2\">\n<li>Chambre double : 10 \u20ac<\/li>\n<li>Chambre triple et quadruple : 15 \u20ac<\/li>\n<\/ul>\n<\/div>\n","protected":false},"excerpt":{"rendered":"<p>Vous pourrez vous baigner dans le Spa \u00e0 d\u00e9bordement, en toute saison, en profitant de la vue sur le parc et ses arbres centenaires. Dans une eau chauff\u00e9e \u00e0 35\u00b0, \u00a08 jets de massage et 12 buses soufflantes, vous aurez le plaisir de passer un agr\u00e9able moment de d\u00e9tente. Privatisation du spa \u00a0(jusqu\u2019\u00e0 6 personnes) &#8230; <span class=\"more\"><a class=\"more-link\" href=\"https:\/\/lpctour.fr\/2025\/tp\/clara\/spa-2\/\"><\/a><\/span><\/p>\n","protected":false},"author":1,"featured_media":88,"parent":0,"menu_order":0,"comment_status":"closed","ping_status":"closed","template":"","meta":{"footnotes":""},"class_list":{"0":"entry","1":"page","2":"publish","3":"author-clara_tonneau","4":"post-144","6":"has-post-thumbnail"},"_links":{"self":[{"href":"https:\/\/lpctour.fr\/2025\/tp\/clara\/wp-json\/wp\/v2\/pages\/144","targetHints":{"allow":["GET"]}}],"collection":[{"href":"https:\/\/lpctour.fr\/2025\/tp\/clara\/wp-json\/wp\/v2\/pages"}],"about":[{"href":"https:\/\/lpctour.fr\/2025\/tp\/clara\/wp-json\/wp\/v2\/types\/page"}],"author":[{"embeddable":true,"href":"https:\/\/lpctour.fr\/2025\/tp\/clara\/wp-json\/wp\/v2\/users\/1"}],"replies":[{"embeddable":true,"href":"https:\/\/lpctour.fr\/2025\/tp\/clara\/wp-json\/wp\/v2\/comments?post=144"}],"version-history":[{"count":3,"href":"https:\/\/lpctour.fr\/2025\/tp\/clara\/wp-json\/wp\/v2\/pages\/144\/revisions"}],"predecessor-version":[{"id":149,"href":"https:\/\/lpctour.fr\/2025\/tp\/clara\/wp-json\/wp\/v2\/pages\/144\/revisions\/149"}],"wp:featuredmedia":[{"embeddable":true,"href":"https:\/\/lpctour.fr\/2025\/tp\/clara\/wp-json\/wp\/v2\/media\/88"}],"wp:attachment":[{"href":"https:\/\/lpctour.fr\/2025\/tp\/clara\/wp-json\/wp\/v2\/media?parent=144"}],"curies":[{"name":"wp","href":"https:\/\/api.w.org\/{rel}","templated":true}]}}