{"id":104,"date":"2025-10-24T09:32:58","date_gmt":"2025-10-24T07:32:58","guid":{"rendered":"https:\/\/lpctour.fr\/2025\/tp\/erwan\/?page_id=104"},"modified":"2025-10-24T11:17:15","modified_gmt":"2025-10-24T09:17:15","slug":"chambres","status":"publish","type":"page","link":"https:\/\/lpctour.fr\/2025\/tp\/erwan\/chambres\/","title":{"rendered":"Chambres"},"content":{"rendered":"<h1 class=\"archive-title\"><\/h1>\n<article id=\"post-86\" class=\"entry post publish author-gbuchon post-86 format-standard has-post-thumbnail category-chambre-prestige\">\n<div class=\"entry-wrap\">\n<header class=\"entry-header\">\n<h2 class=\"entry-title\"><a href=\"https:\/\/lpctour.fr\/2023\/hotel\/2023\/10\/12\/chambre-prestige\/\" rel=\"bookmark\">Chambre Prestige<\/a><\/h2>\n<div class=\"entry-meta\"><\/div>\n<\/header>\n<div class=\"entry-summary\">\n<p><a title=\"Chambre Prestige\" href=\"https:\/\/lpctour.fr\/2023\/hotel\/2023\/10\/12\/chambre-prestige\/\"><img loading=\"lazy\" decoding=\"async\" class=\" wp-post-image\" src=\"https:\/\/lpctour.fr\/2023\/hotel\/wp-content\/uploads\/2023\/10\/chambre_chateau.jpg\" sizes=\"auto, (max-width: 1200px) 100vw, 1200px\" srcset=\"https:\/\/lpctour.fr\/2023\/hotel\/wp-content\/uploads\/2023\/10\/chambre_chateau.jpg 1200w, https:\/\/lpctour.fr\/2023\/hotel\/wp-content\/uploads\/2023\/10\/chambre_chateau-300x163.jpg 300w, https:\/\/lpctour.fr\/2023\/hotel\/wp-content\/uploads\/2023\/10\/chambre_chateau-1024x556.jpg 1024w, https:\/\/lpctour.fr\/2023\/hotel\/wp-content\/uploads\/2023\/10\/chambre_chateau-768x417.jpg 768w\" alt=\"\" width=\"1200\" height=\"651\" \/><\/a>Meilleur Prix Garanti Chambre Prestige Les chambres sont situ\u00e9es au premier \u00e9tage du ch\u00e2teau, avec ascenseur. Double\u00a0chambre de 28 m\u00b2, espace salon, lit double Queen size 160 x 200 cm. Possibilit\u00e9 de lit d\u2019appoint. De 128 \u00e0 230 \u20ac. Pour connaitre le tarif exact de la chambre pendant votre s\u00e9jour, entrez vos dates dans \u00ab\u00a0R\u00e9servation\u00a0\u00bb. \u2026\u00a0<span class=\"more\"><a class=\"more-link\" href=\"https:\/\/lpctour.fr\/2023\/hotel\/2023\/10\/12\/chambre-prestige\/\">[Read more\u2026]<\/a><\/span><\/p>\n<\/div>\n<footer class=\"entry-footer\">\n<div class=\"entry-meta\"><\/div>\n<\/footer>\n<\/div>\n<\/article>\n<article id=\"post-84\" class=\"entry post publish author-gbuchon post-84 format-standard has-post-thumbnail category-chambre-privilege\">\n<div class=\"entry-wrap\">\n<header class=\"entry-header\">\n<h2 class=\"entry-title\"><a href=\"https:\/\/lpctour.fr\/2023\/hotel\/2023\/10\/12\/chambre-privilege\/\" rel=\"bookmark\">Chambre Privil\u00e8ge<\/a><\/h2>\n<div class=\"entry-meta\"><\/div>\n<\/header>\n<div class=\"entry-summary\">\n<p><a title=\"Chambre Privil\u00e8ge\" href=\"https:\/\/lpctour.fr\/2023\/hotel\/2023\/10\/12\/chambre-privilege\/\"><img loading=\"lazy\" decoding=\"async\" class=\" wp-post-image\" src=\"https:\/\/lpctour.fr\/2023\/hotel\/wp-content\/uploads\/2023\/10\/slide2.jpg\" sizes=\"auto, (max-width: 700px) 100vw, 700px\" srcset=\"https:\/\/lpctour.fr\/2023\/hotel\/wp-content\/uploads\/2023\/10\/slide2.jpg 700w, https:\/\/lpctour.fr\/2023\/hotel\/wp-content\/uploads\/2023\/10\/slide2-300x197.jpg 300w\" alt=\"\" width=\"700\" height=\"460\" \/><\/a>Meilleur Prix Garanti Chambre Privil\u00e8ge Les chambres sont situ\u00e9es au premier \u00e9tage du ch\u00e2teau, avec ascenseur. Double\u00a0: Chambre de 20 m\u00b2, lit double Queen size 160 x 200 cm, Twin ou King size\u00a0: Chambre de 24 m\u00b2, lits twin 90 x 200 cm ou King size 180 x 200 cm. Possibilit\u00e9 de lit d\u2019appoint (80 \u2026\u00a0<span class=\"more\"><a class=\"more-link\" href=\"https:\/\/lpctour.fr\/2023\/hotel\/2023\/10\/12\/chambre-privilege\/\">[Read more\u2026]<\/a><\/span><\/p>\n<\/div>\n<footer class=\"entry-footer\">\n<div class=\"entry-meta\"><\/div>\n<\/footer>\n<\/div>\n<\/article>\n<article id=\"post-82\" class=\"entry post publish author-gbuchon post-82 format-standard has-post-thumbnail category-chambre-charme\">\n<div class=\"entry-wrap\">\n<header class=\"entry-header\">\n<h2 class=\"entry-title\"><a href=\"https:\/\/lpctour.fr\/2023\/hotel\/2023\/10\/12\/chambre-charme\/\" rel=\"bookmark\">Chambre Charme<\/a><\/h2>\n<div class=\"entry-meta\"><\/div>\n<\/header>\n<div class=\"entry-summary\">\n<p><a title=\"Chambre Charme\" href=\"https:\/\/lpctour.fr\/2023\/hotel\/2023\/10\/12\/chambre-charme\/\"><img loading=\"lazy\" decoding=\"async\" class=\" wp-post-image\" src=\"https:\/\/lpctour.fr\/2023\/hotel\/wp-content\/uploads\/2023\/10\/La-Rozelle-salon-du-deuxieme-etage_17.jpg\" sizes=\"auto, (max-width: 700px) 100vw, 700px\" srcset=\"https:\/\/lpctour.fr\/2023\/hotel\/wp-content\/uploads\/2023\/10\/La-Rozelle-salon-du-deuxieme-etage_17.jpg 700w, https:\/\/lpctour.fr\/2023\/hotel\/wp-content\/uploads\/2023\/10\/La-Rozelle-salon-du-deuxieme-etage_17-300x200.jpg 300w\" alt=\"\" width=\"700\" height=\"467\" \/><\/a>Meilleur Prix Garanti Chambre Charme mansard\u00e9e Les chambres sont situ\u00e9es au troisi\u00e8me \u00e9tage, sans ascenseur. Double\u00a0: Chambre de 14 m\u00b2, lit double 140 cm, Double Premium\u00a0: Chambre de 18 m\u00b2, lit double 160 cm Triple Premium\u00a0: Chambre de 20 m\u00b2, lit double 160 cm + lit single 80 cm Suite Junior Triple\u00a0: Suite de 2 \u2026\u00a0<span class=\"more\"><a class=\"more-link\" href=\"https:\/\/lpctour.fr\/2023\/hotel\/2023\/10\/12\/chambre-charme\/\">[Read more\u2026]<\/a><\/span><\/p>\n<\/div>\n<\/div>\n<\/article>\n","protected":false},"excerpt":{"rendered":"<p>Chambre Prestige Meilleur Prix Garanti Chambre Prestige Les chambres sont situ\u00e9es au premier \u00e9tage du ch\u00e2teau, avec ascenseur. Double\u00a0chambre de 28 m\u00b2, espace salon, lit double Queen size 160 x 200 cm. Possibilit\u00e9 de lit d\u2019appoint. De 128 \u00e0 230 \u20ac. Pour connaitre le tarif exact de la chambre pendant votre s\u00e9jour, entrez vos dates &#8230; <span class=\"more\"><a class=\"more-link\" href=\"https:\/\/lpctour.fr\/2025\/tp\/erwan\/chambres\/\">[Read more&#8230;]<\/a><\/span><\/p>\n","protected":false},"author":1,"featured_media":0,"parent":0,"menu_order":0,"comment_status":"closed","ping_status":"closed","template":"","meta":{"footnotes":""},"class_list":["entry","page","publish","author-erwan-leignel","post-104"],"_links":{"self":[{"href":"https:\/\/lpctour.fr\/2025\/tp\/erwan\/wp-json\/wp\/v2\/pages\/104","targetHints":{"allow":["GET"]}}],"collection":[{"href":"https:\/\/lpctour.fr\/2025\/tp\/erwan\/wp-json\/wp\/v2\/pages"}],"about":[{"href":"https:\/\/lpctour.fr\/2025\/tp\/erwan\/wp-json\/wp\/v2\/types\/page"}],"author":[{"embeddable":true,"href":"https:\/\/lpctour.fr\/2025\/tp\/erwan\/wp-json\/wp\/v2\/users\/1"}],"replies":[{"embeddable":true,"href":"https:\/\/lpctour.fr\/2025\/tp\/erwan\/wp-json\/wp\/v2\/comments?post=104"}],"version-history":[{"count":3,"href":"https:\/\/lpctour.fr\/2025\/tp\/erwan\/wp-json\/wp\/v2\/pages\/104\/revisions"}],"predecessor-version":[{"id":152,"href":"https:\/\/lpctour.fr\/2025\/tp\/erwan\/wp-json\/wp\/v2\/pages\/104\/revisions\/152"}],"wp:attachment":[{"href":"https:\/\/lpctour.fr\/2025\/tp\/erwan\/wp-json\/wp\/v2\/media?parent=104"}],"curies":[{"name":"wp","href":"https:\/\/api.w.org\/{rel}","templated":true}]}}