{"id":200,"date":"2025-10-24T09:57:16","date_gmt":"2025-10-24T07:57:16","guid":{"rendered":"https:\/\/lpctour.fr\/2025\/tp\/ewan\/?page_id=200"},"modified":"2025-12-24T10:47:07","modified_gmt":"2025-12-24T09:47:07","slug":"restauration","status":"publish","type":"page","link":"https:\/\/lpctour.fr\/2025\/tp\/ewan\/restauration\/","title":{"rendered":"Restauration"},"content":{"rendered":"<style id=\"bwg-style-0\">  #bwg_container1_0 {    display: table;\t\/*visibility: hidden;*\/  }  #bwg_container1_0 * {\t  -moz-user-select: none;\t  -khtml-user-select: none;\t  -webkit-user-select: none;\t  -ms-user-select: none;\t  user-select: none;  }  #bwg_container1_0 #bwg_container2_0 .bwg_slideshow_image_wrap_0 {\t  background-color: #F2F2F2;\t  width: 800px;\t  height: 500px;  }  #bwg_container1_0 #bwg_container2_0 .bwg_slideshow_image_0 {\t  max-width: 800px;\t  max-height: 410px;  }  #bwg_container1_0 #bwg_container2_0 .bwg_slideshow_embed_0 {    width: 800px;    height: 410px;  }  #bwg_container1_0 #bwg_container2_0 #bwg_slideshow_play_pause_0 {\t  background: transparent url(\"https:\/\/lpctour.fr\/2025\/tp\/ewan\/wp-content\/plugins\/photo-gallery\/images\/blank.gif\") repeat scroll 0 0;  }  #bwg_container1_0 #bwg_container2_0 #bwg_slideshow_play_pause-ico_0 {    color: #D6D6D6;    font-size: 35px;  }  #bwg_container1_0 #bwg_container2_0 #bwg_slideshow_play_pause-ico_0:hover {\t  color: #BABABA;  }  #bwg_container1_0 #bwg_container2_0 #spider_slideshow_left_0,  #bwg_container1_0 #bwg_container2_0 #spider_slideshow_right_0 {\t  background: transparent url(\"https:\/\/lpctour.fr\/2025\/tp\/ewan\/wp-content\/plugins\/photo-gallery\/images\/blank.gif\") repeat scroll 0 0;  }  #bwg_container1_0 #bwg_container2_0 #spider_slideshow_left-ico_0,  #bwg_container1_0 #bwg_container2_0 #spider_slideshow_right-ico_0 {\t  background-color: #FFFFFF;\t  border-radius: 20px;\t  border: 0px none #FFFFFF;\t  box-shadow: ;\t  color: #D6D6D6;\t  height: 37px;\t  font-size: 12px;\t  width: 37px;\t  opacity: 1.00;  }  #bwg_container1_0 #bwg_container2_0 #spider_slideshow_left-ico_0:hover,  #bwg_container1_0 #bwg_container2_0 #spider_slideshow_right-ico_0:hover {\t  color: #BABABA;  }      #spider_slideshow_left-ico_0{      left: -9999px;    }    #spider_slideshow_right-ico_0{      left: -9999px;    }      #bwg_container1_0 #bwg_container2_0 .bwg_slideshow_image_container_0 {\t  bottom: 90px;\t  width: 800px;\t  height: 500px;\t}\t#bwg_container1_0 #bwg_container2_0 .bwg_slideshow_filmstrip_container_0 {\t  display: table;\t  height: 90px;\t  width: 800px;\t  bottom: 0;  }  \/* Filmstrip dimension *\/  #bwg_container1_0 #bwg_container2_0 .bwg_slideshow_filmstrip_0 {\t  left: 20px;\t  width: 760px;\t  \/*z-index: 10106;*\/  }  #bwg_container1_0 #bwg_container2_0 .bwg_slideshow_filmstrip_thumbnails_0 {    left: 0px;    width: 489px;    height: 90px;  }  #bwg_container1_0 #bwg_container2_0 .bwg_slideshow_filmstrip_thumbnail_0 {    width: 161px;    height: 90px;    margin: 0px 2px 0 0 ;    border: 0px none #000000;    border-radius: 0;  }  #bwg_container1_0 #bwg_container2_0 .bwg_slideshow_thumb_active_0 {\t  border: 0px solid #FFFFFF;  }  #bwg_container1_0 #bwg_container2_0 .bwg_slideshow_thumb_deactive_0 {    opacity: 1.00;  }  #bwg_container1_0 #bwg_container2_0 .bwg_slideshow_filmstrip_left_0,  #bwg_container1_0 #bwg_container2_0 .bwg_slideshow_filmstrip_left_disabled_0 {\t  background-color: #F2F2F2;\t  display: table-cell;\t  width: 20px;\t  left: 0;\t  \t    }  #bwg_container1_0 #bwg_container2_0 .bwg_slideshow_filmstrip_right_0,  #bwg_container1_0 #bwg_container2_0 .bwg_slideshow_filmstrip_right_disabled_0 {\t  background-color: #F2F2F2;    display: table-cell;    right: 0;\t  width: 20px;\t  \t    }  #bwg_container1_0 #bwg_container2_0 .bwg_slideshow_filmstrip_left_0 i,  #bwg_container1_0 #bwg_container2_0 .bwg_slideshow_filmstrip_right_0 i,  #bwg_container1_0 #bwg_container2_0 .bwg_slideshow_filmstrip_left_disabled_0 i,  #bwg_container1_0 #bwg_container2_0 .bwg_slideshow_filmstrip_right_disabled_0 i {\t  color: #BABABA;\t  font-size: 20px;  }  #bwg_container1_0 #bwg_container2_0 .bwg_slideshow_filmstrip_left_0 {    display: none;  }  #bwg_container1_0 #bwg_container2_0 .bwg_slideshow_filmstrip_left_disabled_0,  #bwg_container1_0 #bwg_container2_0 .bwg_slideshow_filmstrip_right_disabled_0 {    display: none;    opacity: 0.3;  }  #bwg_container1_0 #bwg_container2_0 .bwg_slideshow_filmstrip_left_disabled_0 {    display: table-cell;  }  #bwg_container1_0 #bwg_container2_0 .bwg_slideshow_watermark_spun_0 {\t  text-align: left;\t  vertical-align: bottom;  }  #bwg_container1_0 #bwg_container2_0 .bwg_slideshow_title_spun_0 {\t  text-align: right;\t  vertical-align: top;  }  #bwg_container1_0 #bwg_container2_0 .bwg_slideshow_description_spun_0 {\t  text-align: right;\t  vertical-align: bottom;  }  #bwg_container1_0 #bwg_container2_0 .bwg_slideshow_watermark_image_0 {\t  max-height: 90px;\t  max-width: 90px;\t  opacity: 0.30;  }  #bwg_container1_0 #bwg_container2_0 .bwg_slideshow_watermark_text_0,  #bwg_container1_0 #bwg_container2_0 .bwg_slideshow_watermark_text_0:hover {\t  text-decoration: none;\t  margin: 4px;\t  position: relative;\t  z-index: 15;  }  #bwg_container1_0 #bwg_container2_0 .bwg_slideshow_title_text_0 {\t  font-size: 16px;\t  font-family: Ubuntu;\t  color: #FFFFFF !important;\t  opacity: 0.70;    border-radius: 5px;\t  background-color: #000000;\t  padding: 0 0 0 0;\t  \t\tmargin: 5px;\t  \t    }  #bwg_container1_0 #bwg_container2_0 .bwg_slideshow_description_text_0 {\t  font-size: 14px;\t  font-family: Ubuntu;\t  color: #FFFFFF !important;\t  opacity: 0.70;    border-radius: 0;\t  background-color: #000000;\t  padding: 5px 10px 5px 10px;\t    }  #bwg_container1_0 #bwg_container2_0 .bwg_slideshow_description_text_0 * {\ttext-decoration: none;\tcolor: #FFFFFF !important;  }  #bwg_container1_0 #bwg_container2_0 .bwg_slideshow_dots_0 {\t  width: 12px;\t  height: 12px;\t  border-radius: 5px;\t  background: #F2D22E;\t  margin: 3px;  }  #bwg_container1_0 #bwg_container2_0 .bwg_slideshow_dots_container_0 {\t  width: 800px;\t  bottom: 0;  }  #bwg_container1_0 #bwg_container2_0 .bwg_slideshow_dots_thumbnails_0 {\t  height: 18px;\t  width: 54px;  }  #bwg_container1_0 #bwg_container2_0 .bwg_slideshow_dots_active_0 {\t  background: #FFFFFF;\t  border: 1px solid #000000;  }  <\/style>    <div id=\"bwg_container1_0\"         class=\"bwg_container bwg_thumbnail bwg_slideshow \"         data-right-click-protection=\"0\"         data-bwg=\"0\"         data-scroll=\"0\"         data-gallery-type=\"slideshow\"         data-gallery-view-type=\"slideshow\"         data-current-url=\"\/2025\/tp\/ewan\/wp-json\/wp\/v2\/pages\/200\"         data-lightbox-url=\"https:\/\/lpctour.fr\/2025\/tp\/ewan\/wp-admin\/admin-ajax.php?action=GalleryBox&#038;current_view=0&#038;gallery_id=2&#038;tag=0&#038;theme_id=1&#038;shortcode_id=5&#038;sort_by=order&#038;order_by=asc&#038;current_url=%2F2025%2Ftp%2Fewan%2Fwp-json%2Fwp%2Fv2%2Fpages%2F200\"         data-gallery-id=\"2\"         data-popup-width=\"800\"         data-popup-height=\"500\"         data-is-album=\"gallery\"         data-buttons-position=\"bottom\">      <div id=\"bwg_container2_0\">             <div id=\"ajax_loading_0\" class=\"bwg_loading_div_1\">      <div class=\"bwg_loading_div_2\">        <div class=\"bwg_loading_div_3\">          <div id=\"loading_div_0\" class=\"bwg_spider_ajax_loading\">          <\/div>        <\/div>      <\/div>    <\/div>            <form id=\"gal_front_form_0\"              class=\"bwg-hidden\"              method=\"post\"              action=\"#\"              data-current=\"0\"              data-shortcode-id=\"5\"              data-gallery-type=\"slideshow\"              data-gallery-id=\"2\"              data-tag=\"0\"              data-album-id=\"0\"              data-theme-id=\"1\"              data-ajax-url=\"https:\/\/lpctour.fr\/2025\/tp\/ewan\/wp-admin\/admin-ajax.php?action=bwg_frontend_data\">          <div id=\"bwg_container3_0\" class=\"bwg-background bwg-background-0\">              <div class=\"bwg_slideshow_image_wrap_0 bwg-slideshow-images-wrapper bwg-container\"       data-bwg=\"0\"       data-lightbox-url=\"https:\/\/lpctour.fr\/2025\/tp\/ewan\/wp-admin\/admin-ajax.php?action=GalleryBox&#038;current_view=0&#038;gallery_id=2&#038;tag=0&#038;theme_id=1&#038;shortcode_id=5&#038;sort_by=order&#038;order_by=asc&#038;current_url=%2F2025%2Ftp%2Fewan%2Fwp-json%2Fwp%2Fv2%2Fpages%2F200\">          <div class=\"bwg_slideshow_filmstrip_container_0\">        <div class=\"bwg_slideshow_filmstrip_left_0\">          <i class=\"bwg-icon-angle-left\"><\/i>        <\/div>        <div class=\"bwg_slideshow_filmstrip_left_disabled_0\">          <i class=\"bwg-icon-angle-left\"><\/i>        <\/div>        <div class=\"bwg_slideshow_filmstrip_0 bwg_slideshow_filmstrip\">          <div class=\"bwg_slideshow_filmstrip_thumbnails_0\">                          <div id=\"bwg_filmstrip_thumbnail_0_0\"                class=\"bwg_slideshow_filmstrip_thumbnail_0 bwg_slideshow_thumb_active_0\"                data-style=\"width:161px; height:90px;\">                <img decoding=\"async\" class=\"bwg_filmstrip_thumbnail_img bwg_slideshow_filmstrip_thumbnail_img_0\"                  style=\"width:161px; height:105.938px; margin-left: 0px; margin-top: -7.969px;\"                  data-style=\"width:161px; height:105.938px; margin-left: 0px; margin-top: -7.969px;\"                  src=\"https:\/\/lpctour.fr\/2025\/tp\/ewan\/wp-content\/uploads\/photo-gallery\/imported_from_media_libray\/thumb\/restaurant_01.jpg?bwg=1766569370\"                  data-src=\"https:\/\/lpctour.fr\/2025\/tp\/ewan\/wp-content\/uploads\/photo-gallery\/imported_from_media_libray\/thumb\/restaurant_01.jpg?bwg=1766569370\"                  onclick=\"bwg_change_image(parseInt(jQuery('#bwg_current_image_key_0').val()), '0', '', '', '0')\"                  image_id=\"40\"                  image_key=\"0\"                  alt=\"restaurant_01\"                  title=\"restaurant_01\" \/>              <\/div>                            <div id=\"bwg_filmstrip_thumbnail_1_0\"                class=\"bwg_slideshow_filmstrip_thumbnail_0 bwg_slideshow_thumb_deactive_0\"                data-style=\"width:161px; height:90px;\">                <img decoding=\"async\" class=\"bwg_filmstrip_thumbnail_img bwg_slideshow_filmstrip_thumbnail_img_0\"                  style=\"width:161px; height:107.548px; margin-left: 0px; margin-top: -8.774px;\"                  data-style=\"width:161px; height:107.548px; margin-left: 0px; margin-top: -8.774px;\"                  src=\"https:\/\/lpctour.fr\/2025\/tp\/ewan\/wp-content\/uploads\/photo-gallery\/imported_from_media_libray\/thumb\/La-Rozelle-jardin-dhiver-buffet-du-petit_dejeuner_11.jpg?bwg=1766569243\"                  data-src=\"https:\/\/lpctour.fr\/2025\/tp\/ewan\/wp-content\/uploads\/photo-gallery\/imported_from_media_libray\/thumb\/La-Rozelle-jardin-dhiver-buffet-du-petit_dejeuner_11.jpg?bwg=1766569243\"                  onclick=\"bwg_change_image(parseInt(jQuery('#bwg_current_image_key_0').val()), '1', '', '', '0')\"                  image_id=\"39\"                  image_key=\"1\"                  alt=\"La-Rozelle-jardin-dhiver-buffet-du-petit_dejeuner_11\"                  title=\"La-Rozelle-jardin-dhiver-buffet-du-petit_dejeuner_11\" \/>              <\/div>                            <div id=\"bwg_filmstrip_thumbnail_2_0\"                class=\"bwg_slideshow_filmstrip_thumbnail_0 bwg_slideshow_thumb_deactive_0\"                data-style=\"width:161px; height:90px;\">                <img decoding=\"async\" class=\"bwg_filmstrip_thumbnail_img bwg_slideshow_filmstrip_thumbnail_img_0\"                  style=\"width:161px; height:243.20241691843px; margin-left: 0px; margin-top: -76.601208459215px;\"                  data-style=\"width:161px; height:243.20241691843px; margin-left: 0px; margin-top: -76.601208459215px;\"                  src=\"https:\/\/lpctour.fr\/2025\/tp\/ewan\/wp-content\/uploads\/photo-gallery\/imported_from_media_libray\/thumb\/La-Rozelle-jardin-dhiver-petit_dejeuner_04.jpg?bwg=1766569207\"                  data-src=\"https:\/\/lpctour.fr\/2025\/tp\/ewan\/wp-content\/uploads\/photo-gallery\/imported_from_media_libray\/thumb\/La-Rozelle-jardin-dhiver-petit_dejeuner_04.jpg?bwg=1766569207\"                  onclick=\"bwg_change_image(parseInt(jQuery('#bwg_current_image_key_0').val()), '2', '', '', '0')\"                  image_id=\"38\"                  image_key=\"2\"                  alt=\"La-Rozelle-jardin-dhiver-petit_dejeuner_04\"                  title=\"La-Rozelle-jardin-dhiver-petit_dejeuner_04\" \/>              <\/div>                        <\/div>        <\/div>        <div class=\"bwg_slideshow_filmstrip_right_0\">          <i class=\"bwg-icon-angle-right\"><\/i>        <\/div>        <div class=\"bwg_slideshow_filmstrip_right_disabled_0\">          <i class=\"bwg-icon-angle-right\"><\/i>        <\/div>      <\/div>          <div id=\"bwg_slideshow_image_container_0\"         class=\"bwg_slideshow_image_container_0\"         data-params='{&quot;bwg_source&quot;:&quot;slider&quot;,&quot;bwg_current_key&quot;:&quot;&quot;,&quot;bwg_transition_duration&quot;:100,&quot;bwg_trans_in_progress&quot;:false,&quot;data&quot;:[{&quot;id&quot;:&quot;40&quot;,&quot;alt&quot;:&quot;restaurant_01&quot;,&quot;description&quot;:&quot;Orientation: 1&amp;lt;br \\\/&amp;gt;&quot;,&quot;filetype&quot;:&quot;JPG&quot;,&quot;filename&quot;:&quot;restaurant_01&quot;,&quot;image_url&quot;:&quot;\\\/imported_from_media_libray\\\/restaurant_01.jpg?bwg=1766569370&quot;,&quot;thumb_url&quot;:&quot;\\\/imported_from_media_libray\\\/thumb\\\/restaurant_01.jpg?bwg=1766569370&quot;,&quot;redirect_url&quot;:&quot;&quot;,&quot;date&quot;:&quot;2025-10-24 10:42:59&quot;,&quot;is_embed&quot;:false,&quot;is_embed_video&quot;:false,&quot;image_width&quot;:&quot;700&quot;,&quot;image_height&quot;:&quot;460&quot;,&quot;thumb_width&quot;:&quot;500.00&quot;,&quot;thumb_height&quot;:&quot;329.00&quot;},{&quot;id&quot;:&quot;39&quot;,&quot;alt&quot;:&quot;La-Rozelle-jardin-dhiver-buffet-du-petit_dejeuner_11&quot;,&quot;description&quot;:&quot;Author: Gilles Galas&amp;lt;br \\\/&amp;gt;Aperture: 10&amp;lt;br \\\/&amp;gt;Camera: Canon EOS 5D Mark III&amp;lt;br \\\/&amp;gt;Iso: 400&amp;lt;br \\\/&amp;gt;Copyright: Gilles Galas&amp;lt;br \\\/&amp;gt;Orientation: 1&amp;lt;br \\\/&amp;gt;&quot;,&quot;filetype&quot;:&quot;JPG&quot;,&quot;filename&quot;:&quot;La-Rozelle-jardin-dhiver-buffet-du-petit_dejeuner_11&quot;,&quot;image_url&quot;:&quot;\\\/imported_from_media_libray\\\/La-Rozelle-jardin-dhiver-buffet-du-petit_dejeuner_11.jpg?bwg=1766569243&quot;,&quot;thumb_url&quot;:&quot;\\\/imported_from_media_libray\\\/thumb\\\/La-Rozelle-jardin-dhiver-buffet-du-petit_dejeuner_11.jpg?bwg=1766569243&quot;,&quot;redirect_url&quot;:&quot;&quot;,&quot;date&quot;:&quot;2025-10-24 10:45:13&quot;,&quot;is_embed&quot;:false,&quot;is_embed_video&quot;:false,&quot;image_width&quot;:&quot;700&quot;,&quot;image_height&quot;:&quot;467&quot;,&quot;thumb_width&quot;:&quot;500.00&quot;,&quot;thumb_height&quot;:&quot;334.00&quot;},{&quot;id&quot;:&quot;38&quot;,&quot;alt&quot;:&quot;La-Rozelle-jardin-dhiver-petit_dejeuner_04&quot;,&quot;description&quot;:&quot;Author: Gilles Galas&amp;lt;br \\\/&amp;gt;Aperture: 10&amp;lt;br \\\/&amp;gt;Camera: Canon EOS 5D Mark III&amp;lt;br \\\/&amp;gt;Iso: 400&amp;lt;br \\\/&amp;gt;Copyright: Gilles Galas&amp;lt;br \\\/&amp;gt;Orientation: 1&amp;lt;br \\\/&amp;gt;&quot;,&quot;filetype&quot;:&quot;JPG&quot;,&quot;filename&quot;:&quot;La-Rozelle-jardin-dhiver-petit_dejeuner_04&quot;,&quot;image_url&quot;:&quot;\\\/imported_from_media_libray\\\/La-Rozelle-jardin-dhiver-petit_dejeuner_04.jpg?bwg=1766569207&quot;,&quot;thumb_url&quot;:&quot;\\\/imported_from_media_libray\\\/thumb\\\/La-Rozelle-jardin-dhiver-petit_dejeuner_04.jpg?bwg=1766569207&quot;,&quot;redirect_url&quot;:&quot;&quot;,&quot;date&quot;:&quot;2025-10-24 10:45:20&quot;,&quot;is_embed&quot;:false,&quot;is_embed_video&quot;:false,&quot;image_width&quot;:&quot;463&quot;,&quot;image_height&quot;:&quot;700&quot;,&quot;thumb_width&quot;:&quot;331.00&quot;,&quot;thumb_height&quot;:&quot;500.00&quot;}],&quot;width_or_height&quot;:&quot;width&quot;,&quot;filmstrip_thumb_margin_hor&quot;:2,&quot;left_or_top&quot;:&quot;left&quot;,&quot;outerWidth_or_outerHeight&quot;:&quot;outerWidth&quot;,&quot;enable_slideshow_shuffle&quot;:0,&quot;lightbox_filmstrip_thumb_border_width&quot;:&quot;1&quot;,&quot;thumb_click_action&quot;:&quot;open_lightbox&quot;,&quot;thumb_link_target&quot;:1,&quot;upload_url&quot;:&quot;https:\\\/\\\/lpctour.fr\\\/2025\\\/tp\\\/ewan\\\/wp-content\\\/uploads\\\/photo-gallery&quot;,&quot;preload_images&quot;:1,&quot;slideshow_effect&quot;:&quot;fade&quot;,&quot;event_stack&quot;:&quot;&quot;,&quot;preload_images_count&quot;:10,&quot;image_width&quot;:800,&quot;image_height&quot;:500,&quot;thumb_width&quot;:250,&quot;thumb_height&quot;:140,&quot;filmstrip_direction&quot;:&quot;horizontal&quot;,&quot;slideshow_filmstrip_type&quot;:1,&quot;slideshow_thumbnails_count&quot;:5,&quot;slideshow_filmstrip_width&quot;:161,&quot;slideshow_filmstrip_height&quot;:90,&quot;slideshow_filmstrip_rl_btn_size&quot;:&quot;20&quot;,&quot;slideshow_play_pause_btn_size&quot;:&quot;35&quot;,&quot;watermark_type&quot;:90,&quot;watermark_height&quot;:90,&quot;watermark_font_size&quot;:20,&quot;slideshow_title_font_size&quot;:&quot;16&quot;,&quot;slideshow_description_font_size&quot;:&quot;14&quot;,&quot;bwg_playInterval&quot;:&quot;&quot;,&quot;slideshow_interval&quot;:5,&quot;image_right_click&quot;:0,&quot;enable_slideshow_autoplay&quot;:0,&quot;enable_slideshow_music&quot;:0,&quot;bwg_current_filmstrip_pos&quot;:0}'         data-filmstrip-position=\"bottom\"         data-filmstrip-size=\"90\">      <div class=\"bwg_slide_container_0\">        <div class=\"bwg_slide_bg_0\">          <div class=\"bwg_slider_0\">                            <span class=\"bwg_slideshow_image_spun_0\" id=\"image_id_0_40\">                    <span class=\"bwg_slideshow_image_spun1_0\">                      <span class=\"bwg_slideshow_image_spun2_0\">                                                  <a  class=\"bwg-a bwg_lightbox\" href=\"https:\/\/lpctour.fr\/2025\/tp\/ewan\/wp-content\/uploads\/photo-gallery\/imported_from_media_libray\/restaurant_01.jpg?bwg=1766569370\" data-image-id=\"40\" data-elementor-open-lightbox=\"no\">                          <img decoding=\"async\" id=\"bwg_slideshow_image_0\"                               class=\"skip-lazy bwg_slide bwg_slideshow_image_0 \"                               src=\"https:\/\/lpctour.fr\/2025\/tp\/ewan\/wp-content\/uploads\/photo-gallery\/imported_from_media_libray\/restaurant_01.jpg?bwg=1766569370\"                               data-src=\"https:\/\/lpctour.fr\/2025\/tp\/ewan\/wp-content\/uploads\/photo-gallery\/imported_from_media_libray\/restaurant_01.jpg?bwg=1766569370\"                               image_id=\"40\"                               alt=\"restaurant_01\" \/>                          <\/a>                                                <\/span>                    <\/span>                  <\/span>                <span class=\"bwg_slideshow_image_second_spun_0\">                  <\/span>                <input type=\"hidden\" id=\"bwg_current_image_key_0\" value=\"0\" \/>                          <\/div>        <\/div>      <\/div>              <a class=\"bwg-a\" id=\"spider_slideshow_left_0\" onclick=\"bwg_change_image(parseInt(jQuery('#bwg_current_image_key_0').val()), (parseInt(jQuery('#bwg_current_image_key_0').val()) + 3 - bwg_iterator(0)) % 3, '', '', 0); return false;\"><span id=\"spider_slideshow_left-ico_0\"><span><i class=\"bwg-icon-angle-left bwg_slideshow_prev_btn_0\"><\/i><\/span><\/span><\/a>        <span id=\"bwg_slideshow_play_pause_0\" class=\"bwg_slideshow_play_pause\" style=\"display: ;\"><span><span id=\"bwg_slideshow_play_pause-ico_0\"><i class=\"bwg-icon-play bwg_ctrl_btn_0 bwg_slideshow_play_pause_0\"><\/i><\/span><\/span><\/span>        <a class=\"bwg-a\" id=\"spider_slideshow_right_0\" onclick=\"bwg_change_image(parseInt(jQuery('#bwg_current_image_key_0').val()), (parseInt(jQuery('#bwg_current_image_key_0').val()) + bwg_iterator(0)) % 3, '', '', 0); return false;\"><span id=\"spider_slideshow_right-ico_0\"><span><i class=\"bwg-icon-angle-right bwg_slideshow_next_btn_0\"><\/i><\/span><\/span><\/a>            <\/div>      <\/div>            <\/div>        <\/form>        <style>          #bwg_container1_0 #bwg_container2_0 #spider_popup_overlay_0 {          background-color: #EEEEEE;          opacity: 0.60;          }          <\/style>        <div id=\"bwg_spider_popup_loading_0\" class=\"bwg_spider_popup_loading\"><\/div>        <div id=\"spider_popup_overlay_0\" class=\"spider_popup_overlay\" onclick=\"spider_destroypopup(1000)\"><\/div>        <input type=\"hidden\" id=\"bwg_random_seed_0\" value=\"674442499\">                <\/div>    <\/div>    <script>      if (document.readyState === 'complete') {        if( typeof bwg_main_ready == 'function' ) {          if ( jQuery(\"#bwg_container1_0\").height() ) {            bwg_main_ready(jQuery(\"#bwg_container1_0\"));          }        }      } else {        document.addEventListener('DOMContentLoaded', function() {          if( typeof bwg_main_ready == 'function' ) {            if ( jQuery(\"#bwg_container1_0\").height() ) {             bwg_main_ready(jQuery(\"#bwg_container1_0\"));            }          }        });      }    <\/script>    \n<p><strong>Le restaurant est ouvert tous les soirs sauf le mercredi, du 7 avril au 4 novembre 2023. Possibilit\u00e9 d\u2019ouverture hors saison pour les groupes.<\/strong><\/p>\n<p>&nbsp;<\/p>\n<p>La capacit\u00e9 est volontairement limit\u00e9e pour gage de qualit\u00e9. R\u00e9servez votre table\u00a0<strong>exclusivement et obligatoirement<\/strong>\u00a0<strong>\u00a0en avance, aupr\u00e8s de la r\u00e9ception du ch\u00e2teau au 02.54.70.58.40.<\/strong><\/p>\n<p>La restauration du ch\u00e2teau de La Rozelle privil\u00e9gie la cuisine traditionnelle fran\u00e7aise (aucun plat v\u00e9g\u00e9tarien, ni vegan).<\/p>\n<p>Le chef vous propose exclusivement des plats \u00ab fait maison \u00bb, \u00e0 partir de produits de saison, alliant simplicit\u00e9 et respect des saveurs.<\/p>\n<p>La configuration du ch\u00e2teau se pr\u00eate particuli\u00e8rement \u00e0 une privatisation pour tout \u00e9v\u00e8nement professionnel ou familial. Des r\u00e9ceptions priv\u00e9es peuvent \u00eatre organis\u00e9es jusqu\u2019\u00e0 40 personnes (menus sp\u00e9cifiques pour r\u00e9ceptions familiales, s\u00e9minaires, repas d\u2019entreprises).<\/p>\n<p>Le chef apportera en cours de saison des \u00e9volutions aux suggestions ci dessous\u00a0(indicatives et non contractuelles).<\/p>\n<table style=\"height: 979px; width: 97.4406%;\">\n<tbody>\n<tr style=\"height: 99px;\">\n<td style=\"height: 99px; background-color: #e0de6e; text-align: center; width: 100%;\"><img loading=\"lazy\" decoding=\"async\" class=\"alignnone wp-image-2726 aligncenter\" src=\"http:\/\/www.chateaudelarozelle.com\/wp-content\/uploads\/2014\/08\/icone-menu.png\" sizes=\"auto, (max-width: 60px) 100vw, 60px\" srcset=\"https:\/\/www.chateaudelarozelle.com\/wp-content\/uploads\/2014\/08\/icone-menu.png 150w, https:\/\/www.chateaudelarozelle.com\/wp-content\/uploads\/2014\/08\/icone-menu-1x1.png 1w\" alt=\"icone-menu\" width=\"60\" height=\"63\" \/><strong>Diner Tradition \u2013 34 \u20ac<\/strong><\/td>\n<\/tr>\n<tr style=\"height: 880px;\">\n<td style=\"height: 880px; background-color: #fffcab; text-align: center; width: 100%;\"><strong>Entr\u00e9e \u2013 Plat \u2013 Dessert<\/strong><\/p>\n<p><strong>\u00a0<\/strong>Suppl\u00e9ment assiette de 3 fromages\u00a0: 4 \u20ac<\/p>\n<p>A la carte : Entr\u00e9e 9 \u20ac \u2013 Plat 20 \u20ac \u2013 Dessert 8 \u20ac<\/p>\n<p>*************************************************<\/p>\n<p>Foie Gras marin\u00e9 au Porto et baies de Szechuan, chutney de figues aux noix et gel\u00e9e de pineau \u00a0(suppl\u00e9ment: 3 \u20ac)<\/p>\n<p>Ou<\/p>\n<p>Velout\u00e9 aux C\u00e9pes et champignons de Paris<\/p>\n<p>Ou<\/p>\n<p>Mousseline de Haddock, cr\u00e8meux de pois cass\u00e9s<\/p>\n<p>*********************<\/p>\n<p>Pav\u00e9 de Lieu Noir de ligne, fondue de poireaux, sauce fenouil<\/p>\n<p>Ou<\/p>\n<p>M\u00e9daillon de filet mignon de porc, gratin de pommes de terre et sauce paprika<\/p>\n<p>Ou<\/p>\n<p>Sanglier brais\u00e9 facon bourguignonne \u2013 cuisson basse temp\u00e9rature<\/p>\n<p>*********************<\/p>\n<p>Parfait glac\u00e9 au caf\u00e9, cr\u00e8me anglaise<\/p>\n<p>Ou<\/p>\n<p>Cr\u00e8me brul\u00e9e \u00e0 la vanille Bourbon<\/p>\n<p>Ou<\/p>\n<p>Moelleux au chocolat et cr\u00e8me anglaise<\/td>\n<\/tr>\n<\/tbody>\n<\/table>\n","protected":false},"excerpt":{"rendered":"<p>Le restaurant est ouvert tous les soirs sauf le mercredi, du 7 avril au 4 novembre 2023. Possibilit\u00e9 d\u2019ouverture hors saison pour les groupes. &nbsp; La capacit\u00e9 est volontairement limit\u00e9e pour gage de qualit\u00e9. R\u00e9servez votre table\u00a0exclusivement et obligatoirement\u00a0\u00a0en avance, aupr\u00e8s de la r\u00e9ception du ch\u00e2teau au 02.54.70.58.40. La restauration du ch\u00e2teau de La Rozelle &#8230; <span class=\"more\"><a class=\"more-link\" href=\"https:\/\/lpctour.fr\/2025\/tp\/ewan\/restauration\/\">[Read more&#8230;]<\/a><\/span><\/p>\n","protected":false},"author":1,"featured_media":175,"parent":0,"menu_order":0,"comment_status":"closed","ping_status":"closed","template":"","meta":{"footnotes":""},"class_list":{"0":"entry","1":"page","2":"publish","3":"author-ewan_urv7","4":"post-200","6":"has-post-thumbnail"},"_links":{"self":[{"href":"https:\/\/lpctour.fr\/2025\/tp\/ewan\/wp-json\/wp\/v2\/pages\/200","targetHints":{"allow":["GET"]}}],"collection":[{"href":"https:\/\/lpctour.fr\/2025\/tp\/ewan\/wp-json\/wp\/v2\/pages"}],"about":[{"href":"https:\/\/lpctour.fr\/2025\/tp\/ewan\/wp-json\/wp\/v2\/types\/page"}],"author":[{"embeddable":true,"href":"https:\/\/lpctour.fr\/2025\/tp\/ewan\/wp-json\/wp\/v2\/users\/1"}],"replies":[{"embeddable":true,"href":"https:\/\/lpctour.fr\/2025\/tp\/ewan\/wp-json\/wp\/v2\/comments?post=200"}],"version-history":[{"count":14,"href":"https:\/\/lpctour.fr\/2025\/tp\/ewan\/wp-json\/wp\/v2\/pages\/200\/revisions"}],"predecessor-version":[{"id":325,"href":"https:\/\/lpctour.fr\/2025\/tp\/ewan\/wp-json\/wp\/v2\/pages\/200\/revisions\/325"}],"wp:featuredmedia":[{"embeddable":true,"href":"https:\/\/lpctour.fr\/2025\/tp\/ewan\/wp-json\/wp\/v2\/media\/175"}],"wp:attachment":[{"href":"https:\/\/lpctour.fr\/2025\/tp\/ewan\/wp-json\/wp\/v2\/media?parent=200"}],"curies":[{"name":"wp","href":"https:\/\/api.w.org\/{rel}","templated":true}]}}