{"id":183,"date":"2025-10-24T12:32:21","date_gmt":"2025-10-24T10:32:21","guid":{"rendered":"https:\/\/lpctour.fr\/2025\/tp\/hafssa\/?page_id=183"},"modified":"2025-10-24T12:41:34","modified_gmt":"2025-10-24T10:41:34","slug":"chambres","status":"publish","type":"page","link":"https:\/\/lpctour.fr\/2025\/tp\/hafssa\/chambres\/","title":{"rendered":"Chambres"},"content":{"rendered":"<article id=\"post-86\" class=\"entry post publish author-gbuchon post-86 format-standard has-post-thumbnail category-chambre-prestige\">\n<div class=\"entry-wrap\">\n<header class=\"entry-header\">\n<h2 class=\"entry-title\"><a href=\"https:\/\/lpctour.fr\/2025\/tp\/hafssa\/2025\/10\/24\/chambre-prestige\/\">Chambre Prestige<\/a><\/h2>\n<div class=\"entry-meta\">&nbsp;<\/div>\n<\/header>\n<div class=\"entry-summary\">\n<p><a title=\"Chambre Prestige\" href=\"https:\/\/lpctour.fr\/2023\/hotel\/2023\/10\/12\/chambre-prestige\/\"><img loading=\"lazy\" decoding=\"async\" class=\" wp-post-image\" src=\"https:\/\/lpctour.fr\/2023\/hotel\/wp-content\/uploads\/2023\/10\/chambre_chateau.jpg\" sizes=\"auto, (max-width: 1200px) 100vw, 1200px\" srcset=\"https:\/\/lpctour.fr\/2023\/hotel\/wp-content\/uploads\/2023\/10\/chambre_chateau.jpg 1200w, https:\/\/lpctour.fr\/2023\/hotel\/wp-content\/uploads\/2023\/10\/chambre_chateau-300x163.jpg 300w, https:\/\/lpctour.fr\/2023\/hotel\/wp-content\/uploads\/2023\/10\/chambre_chateau-1024x556.jpg 1024w, https:\/\/lpctour.fr\/2023\/hotel\/wp-content\/uploads\/2023\/10\/chambre_chateau-768x417.jpg 768w\" alt=\"\" width=\"1200\" height=\"651\"><\/a>Meilleur Prix Garanti Chambre Prestige Les chambres sont situ\u00e9es au premier \u00e9tage du ch\u00e2teau, avec ascenseur. Double&nbsp;chambre de 28 m\u00b2, espace salon, lit double Queen size 160 x 200 cm. Possibilit\u00e9 de lit d\u2019appoint. De 128 \u00e0 230 \u20ac. Pour connaitre le tarif exact de la chambre pendant votre s\u00e9jour, entrez vos dates dans \u00ab&nbsp;R\u00e9servation&nbsp;\u00bb. \u2026&nbsp;<a href=\"https:\/\/lpctour.fr\/2025\/tp\/hafssa\/2025\/10\/24\/chambre-prestige\/\"><span class=\"more\">[Read more\u2026]<\/span><\/a><\/p>\n<\/div>\n<footer class=\"entry-footer\">\n<div class=\"entry-meta\">&nbsp;<\/div>\n<\/footer>\n<\/div>\n<\/article>\n<article id=\"post-84\" class=\"entry post publish author-gbuchon post-84 format-standard has-post-thumbnail category-chambre-privilege\">\n<div class=\"entry-wrap\">\n<header class=\"entry-header\">\n<h2 class=\"entry-title\"><a href=\"https:\/\/lpctour.fr\/2025\/tp\/hafssa\/2025\/10\/24\/chambre-privilege\/\">Chambre Privil\u00e8ge<\/a><\/h2>\n<div class=\"entry-meta\">&nbsp;<\/div>\n<\/header>\n<div class=\"entry-summary\">\n<p><a title=\"Chambre Privil\u00e8ge\" href=\"https:\/\/lpctour.fr\/2023\/hotel\/2023\/10\/12\/chambre-privilege\/\"><img loading=\"lazy\" decoding=\"async\" class=\" wp-post-image\" src=\"https:\/\/lpctour.fr\/2023\/hotel\/wp-content\/uploads\/2023\/10\/slide2.jpg\" sizes=\"auto, (max-width: 700px) 100vw, 700px\" srcset=\"https:\/\/lpctour.fr\/2023\/hotel\/wp-content\/uploads\/2023\/10\/slide2.jpg 700w, https:\/\/lpctour.fr\/2023\/hotel\/wp-content\/uploads\/2023\/10\/slide2-300x197.jpg 300w\" alt=\"\" width=\"700\" height=\"460\"><\/a>Meilleur Prix Garanti Chambre Privil\u00e8ge Les chambres sont situ\u00e9es au premier \u00e9tage du ch\u00e2teau, avec ascenseur. Double&nbsp;: Chambre de 20 m\u00b2, lit double Queen size 160 x 200 cm, Twin ou King size&nbsp;: Chambre de 24 m\u00b2, lits twin 90 x 200 cm ou King size 180 x 200 cm. Possibilit\u00e9 de lit d\u2019appoint (80 \u2026&nbsp;<span class=\"more\"><a class=\"more-link\" href=\"https:\/\/lpctour.fr\/2025\/tp\/hafssa\/2025\/10\/24\/chambre-privilege\/\">[Read more\u2026]<\/a><\/span><\/p>\n<\/div>\n<footer class=\"entry-footer\">\n<div class=\"entry-meta\">&nbsp;<\/div>\n<\/footer>\n<\/div>\n<\/article>\n<article id=\"post-82\" class=\"entry post publish author-gbuchon post-82 format-standard has-post-thumbnail category-chambre-charme\">\n<div class=\"entry-wrap\">\n<header class=\"entry-header\">\n<h2 class=\"entry-title\"><a href=\"https:\/\/lpctour.fr\/2025\/tp\/hafssa\/2025\/10\/24\/chambre-charme\/\">Chambre Charme<\/a><\/h2>\n<div class=\"entry-meta\">&nbsp;<\/div>\n<\/header>\n<div class=\"entry-summary\">\n<p><a title=\"Chambre Charme\" href=\"https:\/\/lpctour.fr\/2023\/hotel\/2023\/10\/12\/chambre-charme\/\"><img loading=\"lazy\" decoding=\"async\" class=\" wp-post-image\" src=\"https:\/\/lpctour.fr\/2023\/hotel\/wp-content\/uploads\/2023\/10\/La-Rozelle-salon-du-deuxieme-etage_17.jpg\" sizes=\"auto, (max-width: 700px) 100vw, 700px\" srcset=\"https:\/\/lpctour.fr\/2023\/hotel\/wp-content\/uploads\/2023\/10\/La-Rozelle-salon-du-deuxieme-etage_17.jpg 700w, https:\/\/lpctour.fr\/2023\/hotel\/wp-content\/uploads\/2023\/10\/La-Rozelle-salon-du-deuxieme-etage_17-300x200.jpg 300w\" alt=\"\" width=\"700\" height=\"467\"><\/a>Meilleur Prix Garanti Chambre Charme mansard\u00e9e Les chambres sont situ\u00e9es au troisi\u00e8me \u00e9tage, sans ascenseur. Double&nbsp;: Chambre de 14 m\u00b2, lit double 140 cm, Double Premium&nbsp;: Chambre de 18 m\u00b2, lit double 160 cm Triple Premium&nbsp;: Chambre de 20 m\u00b2, lit double 160 cm + lit single 80 cm Suite Junior Triple&nbsp;: Suite de 2 \u2026&nbsp;<span class=\"more\"><a class=\"more-link\" href=\"https:\/\/lpctour.fr\/2025\/tp\/hafssa\/2025\/10\/24\/chambre-charme\/\">[Read more\u2026]<\/a><\/span><\/p>\n<\/div>\n<\/div>\n<\/article>\n","protected":false},"excerpt":{"rendered":"<p>Chambre Prestige &nbsp; Meilleur Prix Garanti Chambre Prestige Les chambres sont situ\u00e9es au premier \u00e9tage du ch\u00e2teau, avec ascenseur. Double&nbsp;chambre de 28 m\u00b2, espace salon, lit double Queen size 160 x 200 cm. Possibilit\u00e9 de lit d\u2019appoint. De 128 \u00e0 230 \u20ac. Pour connaitre le tarif exact de la chambre pendant votre s\u00e9jour, entrez vos &#8230; <span class=\"more\"><a class=\"more-link\" href=\"https:\/\/lpctour.fr\/2025\/tp\/hafssa\/chambres\/\">[Read more&#8230;]<\/a><\/span><\/p>\n","protected":false},"author":1,"featured_media":0,"parent":0,"menu_order":0,"comment_status":"closed","ping_status":"closed","template":"","meta":{"ngg_post_thumbnail":0,"footnotes":""},"class_list":["entry","page","publish","author-hafssactourisme","post-183"],"_links":{"self":[{"href":"https:\/\/lpctour.fr\/2025\/tp\/hafssa\/wp-json\/wp\/v2\/pages\/183","targetHints":{"allow":["GET"]}}],"collection":[{"href":"https:\/\/lpctour.fr\/2025\/tp\/hafssa\/wp-json\/wp\/v2\/pages"}],"about":[{"href":"https:\/\/lpctour.fr\/2025\/tp\/hafssa\/wp-json\/wp\/v2\/types\/page"}],"author":[{"embeddable":true,"href":"https:\/\/lpctour.fr\/2025\/tp\/hafssa\/wp-json\/wp\/v2\/users\/1"}],"replies":[{"embeddable":true,"href":"https:\/\/lpctour.fr\/2025\/tp\/hafssa\/wp-json\/wp\/v2\/comments?post=183"}],"version-history":[{"count":5,"href":"https:\/\/lpctour.fr\/2025\/tp\/hafssa\/wp-json\/wp\/v2\/pages\/183\/revisions"}],"predecessor-version":[{"id":189,"href":"https:\/\/lpctour.fr\/2025\/tp\/hafssa\/wp-json\/wp\/v2\/pages\/183\/revisions\/189"}],"wp:attachment":[{"href":"https:\/\/lpctour.fr\/2025\/tp\/hafssa\/wp-json\/wp\/v2\/media?parent=183"}],"curies":[{"name":"wp","href":"https:\/\/api.w.org\/{rel}","templated":true}]}}