{"id":91,"date":"2025-10-24T09:50:10","date_gmt":"2025-10-24T07:50:10","guid":{"rendered":"https:\/\/lpctour.fr\/2025\/tp\/hafssa\/?page_id=91"},"modified":"2025-10-24T11:43:30","modified_gmt":"2025-10-24T09:43:30","slug":"le-chateau-de-la-ctour","status":"publish","type":"page","link":"https:\/\/lpctour.fr\/2025\/tp\/hafssa\/","title":{"rendered":"Le Ch\u00e2teau de la CTOUR"},"content":{"rendered":"<p>Le ch\u00e2teau-h\u00f4tel de La CTOUR est situ\u00e9 \u00e0 moins de 20 minutes des prestigieux ch\u00e2teaux Renaissance de Lens, Lille, Amiens et Douai sur Scarpe.<\/p>\n<p>Envie d\u2019un lieu calme et reposant\u2026 Prolongez votre visite en notre compagnie. Pr\u00e9sents tout au long de votre s\u00e9jour, nous saurons vous faire partager notre passion pour les lieux : architecture, jardin, histoire, et vous conseiller.<\/p>\n<p>Envie d\u2019un lieu historique\u2026 Dans cette \u00e9l\u00e9gante demeure construite en 1830, qui allie tradition et modernit\u00e9, nous avons personnalis\u00e9 la&nbsp;<a href=\"https:\/\/lpctour.fr\/2023\/hotel\/category\/chambres\/\">d\u00e9coration de chaque chambre<\/a>&nbsp;en choisissant du mobilier de style et des mat\u00e9riaux nobles (tissus tendus, pierre naturelle).<\/p>\n<p>Envie de nature\u2026Vous pourrez vous promener dans le parc romantique, am\u00e9nag\u00e9 fin XIX\u00e8me. Ses arbres remarquables import\u00e9s de tous les continents c\u00f4toient les arbres d\u2019origine de la for\u00eat bl\u00e9soise. Profitez \u00e9galement d\u2019un moment de d\u00e9tente,&nbsp;<a href=\"https:\/\/lpctour.fr\/2023\/hotel\/spa-2\/\">dans le bain \u00e0 remous ext\u00e9rieur<\/a>, en b\u00e9n\u00e9ficiant de la vue sur le parc et ses arbres centenaires.<\/p>\n<p>Envie d\u2019une cuisine d\u00e9licieuse et savoureuse\u2026 De retour de votre promenade, vous pourrez d\u00e9guster&nbsp;<a href=\"https:\/\/lpctour.fr\/2023\/hotel\/restauration\/\">des plats de tradition culinaire fran\u00e7aise<\/a>, r\u00e9alis\u00e9s \u00e0 partir de produits frais et s\u00e9lectionn\u00e9s rigoureusement par le chef. Le matin, un petit-d\u00e9jeuner copieux, compos\u00e9 de produits locaux, artisanaux et vari\u00e9s de qualit\u00e9 vous sera servi.<\/p>\n<p>Au Ch\u00e2teau de La CTOUR, plongez dans une ambiance chic et simple o\u00f9 on se sent \u00e0 l\u2019aise.<\/p>\n<p>&nbsp;<\/p>\n<p><iframe loading=\"lazy\" style=\"border: 0;\" src=\"https:\/\/www.google.com\/maps\/embed?pb=!1m18!1m12!1m3!1d2541.162283619307!2d2.8030727928904136!3d50.43807781500833!2m3!1f0!2f0!3f0!3m2!1i1024!2i768!4f13.1!3m3!1m2!1s0x47dd308a7c58a0ef%3A0xf3d8ea1d73a955e!2sIUT%20de%20Lens%20-%20Universite%20d'Artois!5e0!3m2!1sfr!2sfr!4v1761293149633!5m2!1sfr!2sfr\" width=\"600\" height=\"450\" allowfullscreen=\"allowfullscreen\"><\/iframe><\/p>\n","protected":false},"excerpt":{"rendered":"<p>Le ch\u00e2teau-h\u00f4tel de La CTOUR est situ\u00e9 \u00e0 moins de 20 minutes des prestigieux ch\u00e2teaux Renaissance de Lens, Lille, Amiens et Douai sur Scarpe. Envie d\u2019un lieu calme et reposant\u2026 Prolongez votre visite en notre compagnie. Pr\u00e9sents tout au long de votre s\u00e9jour, nous saurons vous faire partager notre passion pour les lieux : architecture, &#8230; <span class=\"more\"><a class=\"more-link\" href=\"https:\/\/lpctour.fr\/2025\/tp\/hafssa\/\">[Read more&#8230;]<\/a><\/span><\/p>\n","protected":false},"author":1,"featured_media":0,"parent":0,"menu_order":0,"comment_status":"closed","ping_status":"closed","template":"","meta":{"ngg_post_thumbnail":0,"footnotes":""},"class_list":["entry","page","publish","author-hafssactourisme","post-91"],"_links":{"self":[{"href":"https:\/\/lpctour.fr\/2025\/tp\/hafssa\/wp-json\/wp\/v2\/pages\/91","targetHints":{"allow":["GET"]}}],"collection":[{"href":"https:\/\/lpctour.fr\/2025\/tp\/hafssa\/wp-json\/wp\/v2\/pages"}],"about":[{"href":"https:\/\/lpctour.fr\/2025\/tp\/hafssa\/wp-json\/wp\/v2\/types\/page"}],"author":[{"embeddable":true,"href":"https:\/\/lpctour.fr\/2025\/tp\/hafssa\/wp-json\/wp\/v2\/users\/1"}],"replies":[{"embeddable":true,"href":"https:\/\/lpctour.fr\/2025\/tp\/hafssa\/wp-json\/wp\/v2\/comments?post=91"}],"version-history":[{"count":6,"href":"https:\/\/lpctour.fr\/2025\/tp\/hafssa\/wp-json\/wp\/v2\/pages\/91\/revisions"}],"predecessor-version":[{"id":157,"href":"https:\/\/lpctour.fr\/2025\/tp\/hafssa\/wp-json\/wp\/v2\/pages\/91\/revisions\/157"}],"wp:attachment":[{"href":"https:\/\/lpctour.fr\/2025\/tp\/hafssa\/wp-json\/wp\/v2\/media?parent=91"}],"curies":[{"name":"wp","href":"https:\/\/api.w.org\/{rel}","templated":true}]}}