{"id":154,"date":"2025-10-24T12:22:27","date_gmt":"2025-10-24T10:22:27","guid":{"rendered":"https:\/\/lpctour.fr\/2025\/tp\/julie\/?page_id=154"},"modified":"2025-10-24T12:22:31","modified_gmt":"2025-10-24T10:22:31","slug":"chambre-privilege","status":"publish","type":"page","link":"https:\/\/lpctour.fr\/2025\/tp\/julie\/chambre-privilege\/","title":{"rendered":"Chambre Privil\u00e8ge"},"content":{"rendered":"<p class=\"meilleurprix\"><span style=\"font-size: 8pt; color: #ff0000;\">Meilleur Prix Garanti<\/span><\/p>\n<h3>Chambre Privil\u00e8ge<\/h3>\n<div id=\"cold-privilege\">\n<p>Les chambres sont situ\u00e9es au premier \u00e9tage du ch\u00e2teau, avec ascenseur.<\/p>\n<p><strong>Double<\/strong>\u00a0: Chambre de 20 m\u00b2, lit double Queen size 160 x 200 cm<strong>,<\/strong><\/p>\n<p><strong>Twin ou King size<\/strong>\u00a0: Chambre de 24 m\u00b2, lits twin 90 x 200 cm ou King size 180 x 200 cm. Possibilit\u00e9 de lit d\u2019appoint (80 x 180 cm)),\u00a0<img loading=\"lazy\" decoding=\"async\" src=\"http:\/\/www.chateaudelarozelle.com\/wp-content\/uploads\/2014\/08\/mobilite-reduite.jpg\" alt=\"mobilite-reduite\" width=\"20\" height=\"20\" \/><\/p>\n<p><strong>Quadruple\/famille<\/strong>\u00a0: Chambre climatis\u00e9e de 30 m\u00b2, un lit double Queen size 160 x 200 cm + 2 lits single 80 x 190 cm.<\/p>\n<p><strong>De 96 \u00e0 245 \u20ac .<\/strong><br \/>\n<em>Pour connaitre le tarif exact de la chambre pendant votre s\u00e9jour, entrez vos dates dans \u00ab\u00a0R\u00e9servation\u00a0\u00bb.<\/em><\/p>\n<\/div>\n<hr \/>\n<h3 class=\"title-room-facilites\">Services inclus :<\/h3>\n<ul class=\"room-features-list\">\n<li><i class=\"fa fa-check\"><\/i>Acc\u00e8s wifi illimit\u00e9<\/li>\n<li><i class=\"fa fa-check\"><\/i>Ascenseur<\/li>\n<li><i class=\"fa fa-check\"><\/i>Climatisation<\/li>\n<li><i class=\"fa fa-check\"><\/i>Coffre-fort<\/li>\n<li><i class=\"fa fa-check\"><\/i>Espace bureau<\/li>\n<li><i class=\"fa fa-check\"><\/i>Plateau courtoisie (boissons chaudes)<\/li>\n<li><i class=\"fa fa-check\"><\/i>Salle de bain marbre avec baignoire ou douche<\/li>\n<li><i class=\"fa fa-check\"><\/i>S\u00e8che-cheveux<\/li>\n<li><i class=\"fa fa-check\"><\/i>TV \u00e9cran plat<\/li>\n<\/ul>\n<hr \/>\n<div class=\"price\">\n<h3>de 96 \u20ac \u00e0 245 \u20ac \/ nuit<\/h3>\n<p class=\"meilleurprix\"><span style=\"color: #ff0000; font-size: 8pt;\">Meilleur Prix Garanti<\/span><\/p>\n<\/div>\n","protected":false},"excerpt":{"rendered":"<p>Meilleur Prix Garanti Chambre Privil\u00e8ge Les chambres sont situ\u00e9es au premier \u00e9tage du ch\u00e2teau, avec ascenseur. Double\u00a0: Chambre de 20 m\u00b2, lit double Queen size 160 x 200 cm, Twin ou King size\u00a0: Chambre de 24 m\u00b2, lits twin 90 x 200 cm ou King size 180 x 200 cm. Possibilit\u00e9 de lit d\u2019appoint (80 &#8230; <span class=\"more\"><a class=\"more-link\" href=\"https:\/\/lpctour.fr\/2025\/tp\/julie\/chambre-privilege\/\"><\/a><\/span><\/p>\n","protected":false},"author":1,"featured_media":68,"parent":0,"menu_order":0,"comment_status":"closed","ping_status":"closed","template":"","meta":{"footnotes":""},"class_list":{"0":"entry","1":"page","2":"publish","3":"author-julie_merlier","4":"post-154","6":"has-post-thumbnail"},"_links":{"self":[{"href":"https:\/\/lpctour.fr\/2025\/tp\/julie\/wp-json\/wp\/v2\/pages\/154","targetHints":{"allow":["GET"]}}],"collection":[{"href":"https:\/\/lpctour.fr\/2025\/tp\/julie\/wp-json\/wp\/v2\/pages"}],"about":[{"href":"https:\/\/lpctour.fr\/2025\/tp\/julie\/wp-json\/wp\/v2\/types\/page"}],"author":[{"embeddable":true,"href":"https:\/\/lpctour.fr\/2025\/tp\/julie\/wp-json\/wp\/v2\/users\/1"}],"replies":[{"embeddable":true,"href":"https:\/\/lpctour.fr\/2025\/tp\/julie\/wp-json\/wp\/v2\/comments?post=154"}],"version-history":[{"count":1,"href":"https:\/\/lpctour.fr\/2025\/tp\/julie\/wp-json\/wp\/v2\/pages\/154\/revisions"}],"predecessor-version":[{"id":155,"href":"https:\/\/lpctour.fr\/2025\/tp\/julie\/wp-json\/wp\/v2\/pages\/154\/revisions\/155"}],"wp:featuredmedia":[{"embeddable":true,"href":"https:\/\/lpctour.fr\/2025\/tp\/julie\/wp-json\/wp\/v2\/media\/68"}],"wp:attachment":[{"href":"https:\/\/lpctour.fr\/2025\/tp\/julie\/wp-json\/wp\/v2\/media?parent=154"}],"curies":[{"name":"wp","href":"https:\/\/api.w.org\/{rel}","templated":true}]}}