{"id":145,"date":"2025-10-24T11:31:53","date_gmt":"2025-10-24T09:31:53","guid":{"rendered":"https:\/\/lpctour.fr\/2025\/tp\/mathilde\/?page_id=145"},"modified":"2025-10-24T12:18:24","modified_gmt":"2025-10-24T10:18:24","slug":"presentation-et-prestations","status":"publish","type":"page","link":"https:\/\/lpctour.fr\/2025\/tp\/mathilde\/presentation-et-prestations\/","title":{"rendered":"Pr\u00e9sentation et Prestations"},"content":{"rendered":"<header class=\"entry-header\">\n<p class=\"entry-title\"><strong>Un ch\u00e2teau au c\u0153ur du Val de Loire<\/strong><\/p>\n<\/header>\n<div class=\"entry-content\">\n<p>\u00c0 6 kilom\u00e8tres de Blois, \u00e0 proximi<\/p>\n<p>t\u00e9 des prestigieux ch\u00e2teaux de\u00a0<a title=\"Chateau de Chambord\" href=\"http:\/\/chambord.org\/\" target=\"_blank\" rel=\"noopener noreferrer\"><strong>CHAMBORD<\/strong><\/a>,\u00a0<a title=\"Chateau de Cheverny\" href=\"http:\/\/www.chateau-cheverny.fr\/\" target=\"_blank\" rel=\"noopener noreferrer\"><strong>CHEVERNY<\/strong><\/a>,\u00a0<a title=\"Chateau de Blois\" href=\"http:\/\/www.chateaudeblois.fr\/\" target=\"_blank\" rel=\"noopener noreferrer\"><strong>BLOIS\u00a0<\/strong><\/a>et<a href=\"http:\/\/www.domaine-chaumont.fr\/\"><strong>\u00a0CHAUMONT SUR LOIRE<\/strong><\/a>.<\/p>\n<p>24 chambres r\u00e9parties en trois gammes, toutes d\u00e9cor\u00e9es avec soin :\u00a0<strong><a title=\"Chambre Charme mansard\u00e9e\" href=\"http:\/\/www.chateaudelarozelle.com\/?room=charme\">CHARME MANSARDEE\u00a0<\/a>,\u00a0<a title=\"Chambre Privil\u00e8ge\" href=\"http:\/\/www.chateaudelarozelle.com\/?room=privilege\">PRIVILEGE\u00a0<\/a><\/strong><strong>et\u00a0<a title=\"Chambre Prestige\" href=\"http:\/\/www.chateaudelarozelle.com\/?room=prestige\">PRESTIGE<\/a><\/strong>.<\/p>\n<p>Tarif des chambres allant de 75 \u00e0 245 \u20ac selon la cat\u00e9gorie et la p\u00e9riode du s\u00e9jour.<\/p>\n<p>Pour les s\u00e9jours professionnels, l\u2019h\u00f4tel propose une salle de s\u00e9minaire \u00e9quip\u00e9e.<\/p>\n<h3><strong>Des prestations personnalis\u00e9es :<br \/>\n<\/strong><\/h3>\n<ul id=\"tarif2\">\n<li><strong>Un lieu de charme et de caract\u00e8re<\/strong>\n<ul id=\"tarif2\">\n<li>Petit d\u00e9jeuner continental<\/li>\n<li><a href=\"https:\/\/lpctour.fr\/2023\/hotel\/spa-2\/\">Bain \u00e0 remous ext\u00e9rieur<\/a>, situ\u00e9 en terrasse en surplomb du parc<\/li>\n<li>Salons de style<\/li>\n<li>Salle de billard<\/li>\n<li>Equipement pour cyclistes et location de v\u00e9los<\/li>\n<li><a href=\"https:\/\/www.chateaudelarozelle.com\/wp-content\/uploads\/2023\/05\/LOGO-ACCUEILVELO-360x480-3.jpg\"><img loading=\"lazy\" decoding=\"async\" class=\"alignnone wp-image-4931\" src=\"https:\/\/www.chateaudelarozelle.com\/wp-content\/uploads\/2023\/05\/LOGO-ACCUEILVELO-360x480-3-225x300.jpg\" sizes=\"auto, (max-width: 57px) 100vw, 57px\" srcset=\"https:\/\/www.chateaudelarozelle.com\/wp-content\/uploads\/2023\/05\/LOGO-ACCUEILVELO-360x480-3-225x300.jpg 225w, https:\/\/www.chateaudelarozelle.com\/wp-content\/uploads\/2023\/05\/LOGO-ACCUEILVELO-360x480-3-1x1.jpg 1w, https:\/\/www.chateaudelarozelle.com\/wp-content\/uploads\/2023\/05\/LOGO-ACCUEILVELO-360x480-3.jpg 360w\" alt=\"\" width=\"57\" height=\"76\" \/><\/a><\/li>\n<\/ul>\n<\/li>\n<li><strong>Alliant Confort et modernit\u00e9<\/strong>\n<ul id=\"tarif2\">\n<li>Borne de recharge pour voitures \u00e9lectriques 22 KW<\/li>\n<li><a href=\"https:\/\/www.chateaudelarozelle.com\/wp-content\/uploads\/2021\/09\/Logo-2.jpg\"><img loading=\"lazy\" decoding=\"async\" class=\"alignnone wp-image-4829\" src=\"https:\/\/www.chateaudelarozelle.com\/wp-content\/uploads\/2021\/09\/Logo-2.jpg\" sizes=\"auto, (max-width: 82px) 100vw, 82px\" srcset=\"https:\/\/www.chateaudelarozelle.com\/wp-content\/uploads\/2021\/09\/Logo-2.jpg 210w, https:\/\/www.chateaudelarozelle.com\/wp-content\/uploads\/2021\/09\/Logo-2-1x1.jpg 1w\" alt=\"\" width=\"82\" height=\"58\" \/><\/a><\/li>\n<li>Climatisation<br \/>\n<img loading=\"lazy\" decoding=\"async\" class=\"alignnone wp-image-4572 size-thumbnail\" src=\"https:\/\/www.chateaudelarozelle.com\/wp-content\/uploads\/2020\/04\/icone-climatisation-150x150.png\" sizes=\"auto, (max-width: 50px) 100vw, 50px\" srcset=\"https:\/\/www.chateaudelarozelle.com\/wp-content\/uploads\/2020\/04\/icone-climatisation-150x150.png 150w, https:\/\/www.chateaudelarozelle.com\/wp-content\/uploads\/2020\/04\/icone-climatisation-1x1.png 1w, https:\/\/www.chateaudelarozelle.com\/wp-content\/uploads\/2020\/04\/icone-climatisation.png 225w\" alt=\"\" width=\"50\" height=\"50\" \/><\/li>\n<li>Coffre-fort et plateau de courtoisie dans chaque chambre<\/li>\n<li>Ascenseur<br \/>\n<img loading=\"lazy\" decoding=\"async\" class=\"alignnone size-medium wp-image-4571\" src=\"https:\/\/www.chateaudelarozelle.com\/wp-content\/uploads\/2020\/04\/icone-ascenseur-300x300.png\" sizes=\"auto, (max-width: 50px) 100vw, 50px\" srcset=\"https:\/\/www.chateaudelarozelle.com\/wp-content\/uploads\/2020\/04\/icone-ascenseur-300x300.png 300w, https:\/\/www.chateaudelarozelle.com\/wp-content\/uploads\/2020\/04\/icone-ascenseur-150x150.png 150w, https:\/\/www.chateaudelarozelle.com\/wp-content\/uploads\/2020\/04\/icone-ascenseur-480x480.png 480w, https:\/\/www.chateaudelarozelle.com\/wp-content\/uploads\/2020\/04\/icone-ascenseur-1x1.png 1w, https:\/\/www.chateaudelarozelle.com\/wp-content\/uploads\/2020\/04\/icone-ascenseur.png 512w\" alt=\"\" width=\"50\" height=\"50\" \/><\/li>\n<li>Wifi gratuit dans l\u2019int\u00e9gralit\u00e9 du ch\u00e2teau<br \/>\n<img loading=\"lazy\" decoding=\"async\" class=\"alignnone size-medium wp-image-4575\" src=\"https:\/\/www.chateaudelarozelle.com\/wp-content\/uploads\/2020\/04\/icone-wifi-300x300.png\" sizes=\"auto, (max-width: 50px) 100vw, 50px\" srcset=\"https:\/\/www.chateaudelarozelle.com\/wp-content\/uploads\/2020\/04\/icone-wifi-300x300.png 300w, https:\/\/www.chateaudelarozelle.com\/wp-content\/uploads\/2020\/04\/icone-wifi-150x150.png 150w, https:\/\/www.chateaudelarozelle.com\/wp-content\/uploads\/2020\/04\/icone-wifi-480x480.png 480w, https:\/\/www.chateaudelarozelle.com\/wp-content\/uploads\/2020\/04\/icone-wifi-1x1.png 1w, https:\/\/www.chateaudelarozelle.com\/wp-content\/uploads\/2020\/04\/icone-wifi.png 512w\" alt=\"\" width=\"50\" height=\"50\" \/><\/li>\n<li>Parking priv\u00e9 dans l\u2019enceinte du parc<br \/>\n<img loading=\"lazy\" decoding=\"async\" class=\"alignnone size-medium wp-image-4573\" src=\"https:\/\/www.chateaudelarozelle.com\/wp-content\/uploads\/2020\/04\/icone-parking-298x300.png\" sizes=\"auto, (max-width: 50px) 100vw, 50px\" srcset=\"https:\/\/www.chateaudelarozelle.com\/wp-content\/uploads\/2020\/04\/icone-parking-298x300.png 298w, https:\/\/www.chateaudelarozelle.com\/wp-content\/uploads\/2020\/04\/icone-parking-150x150.png 150w, https:\/\/www.chateaudelarozelle.com\/wp-content\/uploads\/2020\/04\/icone-parking-300x300.png 300w, https:\/\/www.chateaudelarozelle.com\/wp-content\/uploads\/2020\/04\/icone-parking-1x1.png 1w, https:\/\/www.chateaudelarozelle.com\/wp-content\/uploads\/2020\/04\/icone-parking.png 358w\" alt=\"\" width=\"50\" height=\"50\" \/><\/li>\n<li>A notre grand regret, nos amis les animaux de compagnie ne sont plus admis<br \/>\n<h3><strong><img loading=\"lazy\" decoding=\"async\" class=\"alignnone size-full wp-image-111\" src=\"https:\/\/lpctour.fr\/2023\/hotel\/wp-content\/uploads\/2023\/10\/panneau-disque-interdit-aux-animaux-300x300-1.jpg\" alt=\"\" width=\"60\" height=\"60\" \/><\/strong><\/h3>\n<\/li>\n<li>Am\u00e9nagement pour l\u2019accueil de personnes \u00e0 mobilit\u00e9 r\u00e9duite<br \/>\n<img loading=\"lazy\" decoding=\"async\" src=\"https:\/\/www.chateaudelarozelle.com\/wp-content\/uploads\/2014\/08\/mobilite-reduite.jpg\" alt=\"mobilite-reduite\" width=\"50\" height=\"50\" \/>\u00a0\u00a0 \u00a0\u00a0\u00a0<a href=\"https:\/\/www.chateaudelarozelle.com\/wp-content\/uploads\/2023\/06\/TH-Format_horizontal_AMe.png\"><img loading=\"lazy\" decoding=\"async\" class=\"alignnone wp-image-4945\" src=\"https:\/\/www.chateaudelarozelle.com\/wp-content\/uploads\/2023\/06\/TH-Format_horizontal_AMe-300x165.png\" sizes=\"auto, (max-width: 98px) 100vw, 98px\" srcset=\"https:\/\/www.chateaudelarozelle.com\/wp-content\/uploads\/2023\/06\/TH-Format_horizontal_AMe-300x165.png 300w, https:\/\/www.chateaudelarozelle.com\/wp-content\/uploads\/2023\/06\/TH-Format_horizontal_AMe-768x423.png 768w, https:\/\/www.chateaudelarozelle.com\/wp-content\/uploads\/2023\/06\/TH-Format_horizontal_AMe-2x1.png 2w, https:\/\/www.chateaudelarozelle.com\/wp-content\/uploads\/2023\/06\/TH-Format_horizontal_AMe.png 945w\" alt=\"\" width=\"98\" height=\"54\" \/><\/a><\/li>\n<li>L\u2019h\u00f4tel est int\u00e9gralement non fumeur<br \/>\n<img loading=\"lazy\" decoding=\"async\" class=\"alignnone size-full wp-image-2770\" src=\"https:\/\/www.chateaudelarozelle.com\/wp-content\/uploads\/2014\/08\/nonfumeur.png\" sizes=\"auto, (max-width: 50px) 100vw, 50px\" srcset=\"https:\/\/www.chateaudelarozelle.com\/wp-content\/uploads\/2014\/08\/nonfumeur.png 50w, https:\/\/www.chateaudelarozelle.com\/wp-content\/uploads\/2014\/08\/nonfumeur-1x1.png 1w\" alt=\"nonfumeur\" width=\"50\" height=\"50\" \/><\/li>\n<\/ul>\n<\/li>\n<\/ul>\n<\/div>\n","protected":false},"excerpt":{"rendered":"<p>Un ch\u00e2teau au c\u0153ur du Val de Loire \u00c0 6 kilom\u00e8tres de Blois, \u00e0 proximi t\u00e9 des prestigieux ch\u00e2teaux de\u00a0CHAMBORD,\u00a0CHEVERNY,\u00a0BLOIS\u00a0et\u00a0CHAUMONT SUR LOIRE. 24 chambres r\u00e9parties en trois gammes, toutes d\u00e9cor\u00e9es avec soin :\u00a0CHARME MANSARDEE\u00a0,\u00a0PRIVILEGE\u00a0et\u00a0PRESTIGE. Tarif des chambres allant de 75 \u00e0 245 \u20ac selon la cat\u00e9gorie et la p\u00e9riode du s\u00e9jour. Pour les s\u00e9jours professionnels, &#8230; <span class=\"more\"><a class=\"more-link\" href=\"https:\/\/lpctour.fr\/2025\/tp\/mathilde\/presentation-et-prestations\/\"><\/a><\/span><\/p>\n","protected":false},"author":1,"featured_media":77,"parent":0,"menu_order":0,"comment_status":"closed","ping_status":"closed","template":"","meta":{"footnotes":""},"class_list":{"0":"entry","1":"page","2":"publish","3":"author-mathilde_boudart","4":"post-145","6":"has-post-thumbnail"},"_links":{"self":[{"href":"https:\/\/lpctour.fr\/2025\/tp\/mathilde\/wp-json\/wp\/v2\/pages\/145","targetHints":{"allow":["GET"]}}],"collection":[{"href":"https:\/\/lpctour.fr\/2025\/tp\/mathilde\/wp-json\/wp\/v2\/pages"}],"about":[{"href":"https:\/\/lpctour.fr\/2025\/tp\/mathilde\/wp-json\/wp\/v2\/types\/page"}],"author":[{"embeddable":true,"href":"https:\/\/lpctour.fr\/2025\/tp\/mathilde\/wp-json\/wp\/v2\/users\/1"}],"replies":[{"embeddable":true,"href":"https:\/\/lpctour.fr\/2025\/tp\/mathilde\/wp-json\/wp\/v2\/comments?post=145"}],"version-history":[{"count":4,"href":"https:\/\/lpctour.fr\/2025\/tp\/mathilde\/wp-json\/wp\/v2\/pages\/145\/revisions"}],"predecessor-version":[{"id":164,"href":"https:\/\/lpctour.fr\/2025\/tp\/mathilde\/wp-json\/wp\/v2\/pages\/145\/revisions\/164"}],"wp:featuredmedia":[{"embeddable":true,"href":"https:\/\/lpctour.fr\/2025\/tp\/mathilde\/wp-json\/wp\/v2\/media\/77"}],"wp:attachment":[{"href":"https:\/\/lpctour.fr\/2025\/tp\/mathilde\/wp-json\/wp\/v2\/media?parent=145"}],"curies":[{"name":"wp","href":"https:\/\/api.w.org\/{rel}","templated":true}]}}